{"id":998,"date":"2021-04-16T12:39:59","date_gmt":"2021-04-16T10:39:59","guid":{"rendered":"http:\/\/dev.kayakalo.fr\/?page_id=998"},"modified":"2024-04-15T18:54:35","modified_gmt":"2024-04-15T16:54:35","slug":"pharmacie-et-secourisme","status":"publish","type":"page","link":"https:\/\/www.sauvetage.kayakalo.fr\/index.php\/pharmacie-et-secourisme\/","title":{"rendered":"24 &#8211; Pharmacie et secourisme"},"content":{"rendered":"\n<h5 class=\"wp-block-heading\"><strong><em><span style=\"color:#ff6600\" class=\"has-inline-color\">Cliquer sur tous les liens<\/span> <span style=\"color:#1e73be\" class=\"has-inline-color\">en bleu<\/span> <span style=\"color:#ff6600\" class=\"has-inline-color\">ci-dessous :<\/span><\/em><\/strong><\/h5>\n\n\n\n<h5 class=\"wp-block-heading\"><a href=\"https:\/\/www.marinbreton.com\/securite\/les-premiers-secours\"><span style=\"color:#1e73be\" class=\"has-inline-color\">L\u2019Oeuvre du Marin Breton<\/span><\/a><\/h5>\n\n\n\n<p>1 \u2013 Pr\u00e9venir les secours en mer<br>2 \u2013 Que faire en cas de probl\u00e8me m\u00e9dical survenant \u00e0 bord ?<br>3 \u2013 Conseils pour constituer la pharmacie de bord des navires de plaisance<br>4 \u2013 Les secours aux noy\u00e9s<br>5 \u2013 Attention, hypothermie !<\/p>\n\n\n\n<p>Extrait : \u00ab <em>La le\u00e7on des kayakistes<\/em><\/p>\n\n\n\n<p><em>Les v\u00eatements ne r\u00e9chauffent pas le corps. Le corps est chauff\u00e9 par la chaleur qu\u2019il produit. Le coton<br>ne vous aidera pas \u00e0 conserver cette chaleur, par contre laine et mat\u00e9riaux synth\u00e9tiques, plus isolants, le feront.<br>Tr\u00e9s autonomes et expos\u00e9s aux risques de l\u2019hypothermie, les adeptes du kayak de mer s\u2019\u00e9quipent de \u00ab Trois couches \u00bb.<\/em><\/p>\n\n\n\n<p><em>La couche \u00e0 m\u00eame la peau allie une bonne \u00e9vacuation de la transpiration et un s\u00e9chage rapide.<br>La deuxi\u00e8me couche joue un r\u00f4le d\u2019isolation thermique. Elle emmagasine la chaleur du corps, tout en \u00e9vacuant la transpiration. Cette couche peut \u00eatre, plus ou moins \u00e9paisse, en fonction de la temp\u00e9rature ext\u00e9rieure.<br>La troisi\u00e8me couche est imperm\u00e9able, si possible \u00ab respirante \u00bb et plus ou moins \u00e9paisse, en fonction des conditions de vent et de temp\u00e9rature : c\u2019est l\u2019anorak, \u00e9quip\u00e9 d\u2019une capuche. La \u00ab combinaison s\u00e8che \u00bb, peut remplacer cette troisi\u00e8me couche. En cas de dessalage, le corps n\u2019est pas mouill\u00e9, le refroidissement ralenti. Par grands froids, les kayakistes ajoutent bonnet ou cagoule.<br>Docteur Michel R\u00e9guer, m\u00e9decin Sauveteurs en Mer (SNSM). <\/em>\u00bb<\/p>\n\n\n\n<p><strong><a href=\"https:\/\/www.snsm.org\/comment-eviter-et-soigner-lhypothermie-en-mer\"><span style=\"color:#1e73be\" class=\"has-inline-color\">Comment \u00e9viter et soigner l\u2019hypothermie en mer ?<\/span><\/a> <\/strong><br><br><strong><a href=\"https:\/\/moodle.formadis.org\/pluginfile.php\/1920\/mod_resource\/content\/2\/fiche_psm_snsm_2018.pdf\"><span style=\"color:#1e73be\" class=\"has-inline-color\">Fiche PSM Hypothermie (page 5) &#8211; Document \u00e0 t\u00e9l\u00e9charger<\/span><\/a><\/strong><\/p>\n\n\n\n<h5 class=\"wp-block-heading\"><strong><a href=\"https:\/\/www.croix-rouge.fr\/\"><span style=\"color:#1e73be\" class=\"has-inline-color\">Croix Rouge<\/span><\/a><\/strong><\/h5>\n\n\n\n<p><a href=\"https:\/\/www.croix-rouge.fr\/Je-me-forme\/Particuliers\"><span style=\"color:#1e73be\" class=\"has-inline-color\">Je suis un particulier : je veux apprendre les gestes qui sauvent<\/span><\/a>\u00a0 <br><\/p>\n\n\n\n<p>\u00ab&nbsp;<a href=\"https:\/\/www.croix-rouge.fr\/Actualite\/L-Ete-qui-sauve\"><span style=\"color:#1e73be\" class=\"has-inline-color\">L\u2019\u00e9t\u00e9 qui sauve<\/span><\/a>&nbsp;\u00bb Tutos Croix-Rouge fran\u00e7aise : <\/p>\n\n\n\n<p><a href=\"https:\/\/www.youtube.com\/playlist?list=PL9tJFzSvOEC2R2kxGQ8SmBDQXje3Oiqgg\"><span style=\"color:#1e73be\" class=\"has-inline-color\"><strong>Les tutos gestes qui sauvent d&rsquo;Henry de la Croix-Rouge fran\u00e7aise (sur Youtube)<\/strong><\/span><\/a><br><strong>Des tutos pour apprendre les gestes qui sauvent avec Henry de la Croix-Rouge fran\u00e7aise dans la bonne humeur !<\/strong><\/p>\n\n\n\n<p>Que faire en cas d&rsquo;\u00e9touffement ? Que faire en cas d\u2019h\u00e9morragie ?&nbsp; Que faire en cas de br\u00fblure ?&nbsp; Que faire en cas d&rsquo;arr\u00eat cardiaque? Que faire en cas de coup de chaud? Que faire en cas de piq\u00fbres \u00e0 la mer? Que faire en cas de morsure ? Que faire en cas de noyade ?<br><br><strong>Autres liens CROIX ROUGE (classique)<\/strong><br><a href=\"https:\/\/www.croix-rouge.fr\/les-gestes-de-premiers-secours\"><span style=\"color:#1e73be\" class=\"has-inline-color\">https:\/\/www.croix-rouge.fr\/les-gestes-de-premiers-secours<\/span><\/a><br><br>L&rsquo;inconscience &#8211; la position lat\u00e9rale de s\u00e9curit\u00e9<br>La victime ne parle pas, ne r\u00e9agit pas et respire &#8230; Que faites-vous ?<br><a href=\"https:\/\/www.croix-rouge.fr\/les-gestes-de-premiers-secours\/inconscience\"><span style=\"color:#1e73be\" class=\"has-inline-color\">https:\/\/www.croix-rouge.fr\/les-gestes-de-premiers-secours\/inconscience<\/span><\/a><br><br>Malaise cardiaque<br>Une personne se plaint d&rsquo;une douleur thoracique&#8230; Que faites-vous ?<br><a href=\"https:\/\/www.croix-rouge.fr\/les-gestes-de-premiers-secours\/malaise-cardiaque\"><span style=\"color:#1e73be\" class=\"has-inline-color\">https:\/\/www.croix-rouge.fr\/les-gestes-de-premiers-secours\/malaise-cardiaque<\/span><\/a><br><br>L&rsquo;arr\u00eat cardiaque<br><a href=\"https:\/\/www.croix-rouge.fr\/les-gestes-de-premiers-secours\/arret-cardiaque\"><span style=\"color:#1e73be\" class=\"has-inline-color\">https:\/\/www.croix-rouge.fr\/les-gestes-de-premiers-secours\/arret-cardiaque<\/span><\/a><br><br>Le d\u00e9fibrillateur<br>L&rsquo;arr\u00eat cardiaque &#8211; La d\u00e9fibrillation<br><a href=\"https:\/\/www.croix-rouge.fr\/les-gestes-de-premiers-secours\/defibrillateur\"><span style=\"color:#1e73be\" class=\"has-inline-color\">https:\/\/www.croix-rouge.fr\/les-gestes-de-premiers-secours\/defibrillateur<\/span><\/a><br><br>Les 4 \u00e9tapes pour porter secours<br><a href=\"https:\/\/www.croix-rouge.fr\/les-gestes-de-premiers-secours\/4-etapes-pour-porter-secours\"><span style=\"color:#1e73be\" class=\"has-inline-color\">https:\/\/www.croix-rouge.fr\/les-gestes-de-premiers-secours\/4-etapes-pour-porter-secours<\/span><\/a><br><br>L&rsquo;h\u00e9morragie- arr\u00eater le saignement<br>Une personne saigne abondamment&#8230; Que faites-vous ?<br><a href=\"https:\/\/www.croix-rouge.fr\/les-gestes-de-premiers-secours\/hemorragie\"><span style=\"color:#1e73be\" class=\"has-inline-color\">https:\/\/www.croix-rouge.fr\/les-gestes-de-premiers-secours\/hemorragie<\/span><\/a><br><br>L&rsquo;\u00e9touffement &#8211; les bons gestes \u00e0 adopter<br>Une personne s&rsquo;\u00e9touffe et ne peut pas parler&#8230; Que faites-vous ?<br><a href=\"https:\/\/www.croix-rouge.fr\/les-gestes-de-premiers-secours\/etouffement\"><span style=\"color:#1e73be\" class=\"has-inline-color\">https:\/\/www.croix-rouge.fr\/les-gestes-de-premiers-secours\/etouffement<\/span><\/a><br><br>Les accidents de l&rsquo;\u00e9t\u00e9 &#8211; piqure, morsure, noyade<br><a href=\"https:\/\/www.croix-rouge.fr\/les-gestes-de-premiers-secours\/les-accidents-de-lete\"><span style=\"color:#1e73be\" class=\"has-inline-color\">https:\/\/www.croix-rouge.fr\/les-gestes-de-premiers-secours\/les-accidents-de-lete<\/span><\/a><span style=\"color:#1e73be\" class=\"has-inline-color\"><br><\/span><\/p>\n\n\n\n<p><a href=\"https:\/\/www.croix-rouge.fr\/Actualite\/L-Ete-qui-sauve\/Participez-au-PLS-Challenge-sur-TikTok-!-2432\"><span style=\"color:#1e73be\" class=\"has-inline-color\">Participez au PLS Challenge sur TikTok !<\/span><\/a><br>\u00ab\u00a0[Les tutos sont incarn\u00e9s] <em>par HENRY. Il est dr\u00f4le et atypique, il nous pr\u00e9sente les gestes qui sauvent avec des phrases coup de poing et des mises en situation rocambolesques.<\/em>\u00a0\u00bb (extrait)<\/p>\n\n\n\n<p> <\/p>\n\n\n\n<p><a href=\"https:\/\/www.croixrouge.ca\/cours-et-certificats\/conseils-et-ressources-de-secourisme\/conseils-de-secourisme\/contenu-des-trousses\"><span style=\"color:#1e73be\" class=\"has-inline-color\">Conseils de secourisme<\/span><\/a><\/p>\n\n\n\n<p>  <strong>Union D\u00e9partementale des Premiers Secours des Landes<\/strong><br>\u00ab\u00a0L\u2019UDPS 40 (Union d\u00e9partementale des premiers secours des Landes) est une association loi 1901 cr\u00e9\u00e9e en 2011.<br>Elle repr\u00e9sente au plan d\u00e9partemental l\u2019Association Nationale des Premiers Secours (A.N.P.S). L\u2019A.N.P.S est l\u2019une des f\u00e9d\u00e9rations agr\u00e9\u00e9es au niveau national par le Minist\u00e8re de l\u2019Int\u00e9rieur pour l\u2019enseignement des premiers secours.\u00a0\u00bb<br><a href=\"https:\/\/www.udps40.fr\/telechargements\/videos-pedagogiques\/\"><span style=\"color:#1e73be\" class=\"has-inline-color\">https:\/\/www.udps40.fr\/telechargements\/videos-pedagogiques\/<\/span><\/a>  <\/p>\n\n\n\n<h5 class=\"wp-block-heading\"><strong><a href=\"https:\/\/www.ecologie.gouv.fr\/sites\/default\/files\/Trousse_de_secours_2p_DEF_Web.pdf\"><span style=\"color:#1e73be\" class=\"has-inline-color\">Direction g\u00e9n\u00e9rale des Infrastructures, des Transports et de la Mer<\/span><\/a><\/strong><\/h5>\n\n\n\n<p>&#8211; La trousse de secours<br>&#8211; Dotation obligatoire<br>&#8211; Tout compl\u00e9ment de la trousse de secours est laiss\u00e9 \u00e0 l\u2019initiative du chef de bord.<br>&#8211; Conseils au chef de bord<br>&#8211; Comment demander une consultation m\u00e9dicale en mer ?<\/p>\n\n\n\n<h5 class=\"wp-block-heading\"><strong><a href=\"https:\/\/www.expemag.com\/article\/sante-en-voyage\/la-pharmacie-du-voyageur\"><span style=\"color:#1e73be\" class=\"has-inline-color\">Carnets d\u2019Aventures<\/span><\/a><\/strong><\/h5>\n\n\n\n<p>La pharmacie du voyageur<\/p>\n\n\n\n<h5 class=\"wp-block-heading\"><a href=\"https:\/\/www.ffrandonnee.fr\/randonner\/conseils\/la-trousse-de-secours-du-randonneur\"><span style=\"color:#1e73be\" class=\"has-inline-color\">F\u00e9d\u00e9ration Fran\u00e7aise de Randonn\u00e9e<\/span><\/a><\/h5>\n\n\n\n<p>La trousse de secours du randonneur<\/p>\n\n\n\n<h5 class=\"wp-block-heading\"><strong><a href=\"https:\/\/www.randonner-leger.org\/wiki\/doku.php?id=liste_de_pharmacie_legere\"><span style=\"color:#1e73be\" class=\"has-inline-color\">Randonner l\u00e9ger ou ultra-l\u00e9ger<\/span><\/a><\/strong><\/h5>\n\n\n\n<h5 class=\"wp-block-heading\"><strong><a href=\"https:\/\/fr.wikipedia.org\/wiki\/Trousse_de_secours\"><span style=\"color:#1e73be\" class=\"has-inline-color\">Wikip\u00e9dia &#8211; Trousse de secours<\/span><\/a><\/strong><\/h5>\n","protected":false},"excerpt":{"rendered":"<p>Cliquer sur tous les liens en bleu ci-dessous : L\u2019Oeuvre du Marin Breton 1 \u2013 Pr\u00e9venir les secours en mer2 \u2013 Que faire en cas de probl\u00e8me m\u00e9dical survenant \u00e0 bord ?3 \u2013 Conseils pour constituer la pharmacie de bord &hellip; <a href=\"https:\/\/www.sauvetage.kayakalo.fr\/index.php\/pharmacie-et-secourisme\/\">Lire la suite\u00ad\u00ad<\/a><\/p>\n","protected":false},"author":3,"featured_media":0,"parent":0,"menu_order":0,"comment_status":"closed","ping_status":"closed","template":"","meta":{"_kadence_starter_templates_imported_post":false,"footnotes":""},"class_list":["post-998","page","type-page","status-publish","hentry"],"_links":{"self":[{"href":"https:\/\/www.sauvetage.kayakalo.fr\/index.php\/wp-json\/wp\/v2\/pages\/998","targetHints":{"allow":["GET"]}}],"collection":[{"href":"https:\/\/www.sauvetage.kayakalo.fr\/index.php\/wp-json\/wp\/v2\/pages"}],"about":[{"href":"https:\/\/www.sauvetage.kayakalo.fr\/index.php\/wp-json\/wp\/v2\/types\/page"}],"author":[{"embeddable":true,"href":"https:\/\/www.sauvetage.kayakalo.fr\/index.php\/wp-json\/wp\/v2\/users\/3"}],"replies":[{"embeddable":true,"href":"https:\/\/www.sauvetage.kayakalo.fr\/index.php\/wp-json\/wp\/v2\/comments?post=998"}],"version-history":[{"count":65,"href":"https:\/\/www.sauvetage.kayakalo.fr\/index.php\/wp-json\/wp\/v2\/pages\/998\/revisions"}],"predecessor-version":[{"id":3186,"href":"https:\/\/www.sauvetage.kayakalo.fr\/index.php\/wp-json\/wp\/v2\/pages\/998\/revisions\/3186"}],"wp:attachment":[{"href":"https:\/\/www.sauvetage.kayakalo.fr\/index.php\/wp-json\/wp\/v2\/media?parent=998"}],"curies":[{"name":"wp","href":"https:\/\/api.w.org\/{rel}","templated":true}]}}