{"id":970,"date":"2021-04-16T11:00:51","date_gmt":"2021-04-16T09:00:51","guid":{"rendered":"http:\/\/dev.kayakalo.fr\/?page_id=970"},"modified":"2021-04-16T11:10:49","modified_gmt":"2021-04-16T09:10:49","slug":"avertissement","status":"publish","type":"page","link":"https:\/\/www.sauvetage.kayakalo.fr\/index.php\/avertissement\/","title":{"rendered":"Avertissement"},"content":{"rendered":"\n<p><span style=\"color:#1e73be\" class=\"has-inline-color\"><strong>Ce site \u00ab sauvetage.kayakalo.fr \u00bb sur le th\u00e8me \u00ab S\u00e9curit\u00e9 et sauvetage en kayak de mer \u00bb ne peut remplacer l\u2019exp\u00e9rience et l\u2019apprentissage avec des kayakistes confirm\u00e9s.<\/strong><\/span><\/p>\n\n\n\n<p><strong><span style=\"color:#1e73be\" class=\"has-inline-color\">Certains exercices rel\u00e8vent de techniques \u00e9prouv\u00e9es. D\u2019autres sont plus des supports \u00e0 l\u2019entra\u00eenement, en favorisant l\u2019aisance et l\u2019adaptation au milieu.<\/span><\/strong><\/p>\n\n\n\n<p><strong><span style=\"color:#1e73be\" class=\"has-inline-color\">La responsabilit\u00e9 de la mise en oeuvre de ces exercices appartient \u00e0 chaque kayakiste. L\u2019\u00e9tat de la mer et les conditions particuli\u00e8res de chaque situation feront que certains exercices seront adapt\u00e9s ou pas.<\/span><\/strong><\/p>\n","protected":false},"excerpt":{"rendered":"<p>Ce site \u00ab sauvetage.kayakalo.fr \u00bb sur le th\u00e8me \u00ab S\u00e9curit\u00e9 et sauvetage en kayak de mer \u00bb ne peut remplacer l\u2019exp\u00e9rience et l\u2019apprentissage avec des kayakistes confirm\u00e9s. Certains exercices rel\u00e8vent de techniques \u00e9prouv\u00e9es. D\u2019autres sont plus des supports \u00e0 l\u2019entra\u00eenement, &hellip; <a href=\"https:\/\/www.sauvetage.kayakalo.fr\/index.php\/avertissement\/\">Lire la suite\u00ad\u00ad<\/a><\/p>\n","protected":false},"author":3,"featured_media":0,"parent":0,"menu_order":0,"comment_status":"closed","ping_status":"closed","template":"","meta":{"_kadence_starter_templates_imported_post":false,"footnotes":""},"class_list":["post-970","page","type-page","status-publish","hentry"],"_links":{"self":[{"href":"https:\/\/www.sauvetage.kayakalo.fr\/index.php\/wp-json\/wp\/v2\/pages\/970","targetHints":{"allow":["GET"]}}],"collection":[{"href":"https:\/\/www.sauvetage.kayakalo.fr\/index.php\/wp-json\/wp\/v2\/pages"}],"about":[{"href":"https:\/\/www.sauvetage.kayakalo.fr\/index.php\/wp-json\/wp\/v2\/types\/page"}],"author":[{"embeddable":true,"href":"https:\/\/www.sauvetage.kayakalo.fr\/index.php\/wp-json\/wp\/v2\/users\/3"}],"replies":[{"embeddable":true,"href":"https:\/\/www.sauvetage.kayakalo.fr\/index.php\/wp-json\/wp\/v2\/comments?post=970"}],"version-history":[{"count":3,"href":"https:\/\/www.sauvetage.kayakalo.fr\/index.php\/wp-json\/wp\/v2\/pages\/970\/revisions"}],"predecessor-version":[{"id":976,"href":"https:\/\/www.sauvetage.kayakalo.fr\/index.php\/wp-json\/wp\/v2\/pages\/970\/revisions\/976"}],"wp:attachment":[{"href":"https:\/\/www.sauvetage.kayakalo.fr\/index.php\/wp-json\/wp\/v2\/media?parent=970"}],"curies":[{"name":"wp","href":"https:\/\/api.w.org\/{rel}","templated":true}]}}