{"id":827,"date":"2021-04-03T14:04:18","date_gmt":"2021-04-03T12:04:18","guid":{"rendered":"http:\/\/dev.kayakalo.fr\/?page_id=827"},"modified":"2021-12-05T12:09:43","modified_gmt":"2021-12-05T11:09:43","slug":"18-materiel","status":"publish","type":"page","link":"https:\/\/www.sauvetage.kayakalo.fr\/index.php\/18-materiel\/","title":{"rendered":"23 &#8211; Mat\u00e9riel"},"content":{"rendered":"\n<h5 class=\"wp-block-heading\"><a href=\"https:\/\/www.sauvetage.kayakalo.fr\/wp-content\/uploads\/2020\/12\/check-list-rando-kayak-mer_light_GLVO_2020.pdf\"><span style=\"color:#1e73be\" class=\"has-inline-color\">Check-list rando kayak de mer (version light)<\/span><\/a><\/h5>\n\n\n\n<h5 class=\"wp-block-heading\"><a href=\"https:\/\/www.sauvetage.kayakalo.fr\/wp-content\/uploads\/2020\/12\/check-list-rando-kayak-mer_GLVO_2020.pdf\"><span style=\"color:#1e73be\" class=\"has-inline-color\">Check-list rando kayak de mer (version longue)<\/span><\/a><\/h5>\n\n\n\n<h5 class=\"wp-block-heading\">Ceci n&rsquo;est pas une fiche de mat\u00e9riel, mais la r\u00e9flexion sur l&rsquo;organisation implique des choix de mat\u00e9riel : \u00ab\u00a0<a href=\"https:\/\/www.sauvetage.kayakalo.fr\/wp-content\/uploads\/2021\/04\/Topo_organisation-randos-kayak_GLVO_2020.pdf\"><span style=\"color:#1e73be\" class=\"has-inline-color\">Organisation de randos et d&rsquo;exp\u00e9s en kayak de mer \/ choix &#8211; fonctionnement &#8211; d\u00e9cisions &#8211; s\u00e9curit\u00e9 (05.04.2017.)<\/span><\/a>\u00ab\u00a0.<\/h5>\n","protected":false},"excerpt":{"rendered":"<p>Check-list rando kayak de mer (version light) Check-list rando kayak de mer (version longue) Ceci n&rsquo;est pas une fiche de mat\u00e9riel, mais la r\u00e9flexion sur l&rsquo;organisation implique des choix de mat\u00e9riel : \u00ab\u00a0Organisation de randos et d&rsquo;exp\u00e9s en kayak de &hellip; <a href=\"https:\/\/www.sauvetage.kayakalo.fr\/index.php\/18-materiel\/\">Lire la suite\u00ad\u00ad<\/a><\/p>\n","protected":false},"author":3,"featured_media":0,"parent":0,"menu_order":0,"comment_status":"closed","ping_status":"closed","template":"","meta":{"_kadence_starter_templates_imported_post":false,"footnotes":""},"class_list":["post-827","page","type-page","status-publish","hentry"],"_links":{"self":[{"href":"https:\/\/www.sauvetage.kayakalo.fr\/index.php\/wp-json\/wp\/v2\/pages\/827","targetHints":{"allow":["GET"]}}],"collection":[{"href":"https:\/\/www.sauvetage.kayakalo.fr\/index.php\/wp-json\/wp\/v2\/pages"}],"about":[{"href":"https:\/\/www.sauvetage.kayakalo.fr\/index.php\/wp-json\/wp\/v2\/types\/page"}],"author":[{"embeddable":true,"href":"https:\/\/www.sauvetage.kayakalo.fr\/index.php\/wp-json\/wp\/v2\/users\/3"}],"replies":[{"embeddable":true,"href":"https:\/\/www.sauvetage.kayakalo.fr\/index.php\/wp-json\/wp\/v2\/comments?post=827"}],"version-history":[{"count":30,"href":"https:\/\/www.sauvetage.kayakalo.fr\/index.php\/wp-json\/wp\/v2\/pages\/827\/revisions"}],"predecessor-version":[{"id":2143,"href":"https:\/\/www.sauvetage.kayakalo.fr\/index.php\/wp-json\/wp\/v2\/pages\/827\/revisions\/2143"}],"wp:attachment":[{"href":"https:\/\/www.sauvetage.kayakalo.fr\/index.php\/wp-json\/wp\/v2\/media?parent=827"}],"curies":[{"name":"wp","href":"https:\/\/api.w.org\/{rel}","templated":true}]}}