{"id":380,"date":"2020-11-30T21:22:42","date_gmt":"2020-11-30T20:22:42","guid":{"rendered":"http:\/\/dev.kayakalo.fr\/?page_id=380"},"modified":"2025-03-15T20:19:11","modified_gmt":"2025-03-15T19:19:11","slug":"qui-sommes-nous","status":"publish","type":"page","link":"https:\/\/www.sauvetage.kayakalo.fr\/index.php\/qui-sommes-nous\/","title":{"rendered":"Qui sommes nous ?"},"content":{"rendered":"\n<p>Les participants aux exercices dans l&rsquo;ordre des tournages :<br>Fran\u00e7ois Hartmann, Eric P\u00e9an, Patricia Larcade, Andr\u00e9 Bollor\u00e9, Dominique Oisel, V\u00e9ronique Olivier, Herv\u00e9 Le Flohic, Cathy Goarvot, Fabrice Aubin, Thomas Le Meur, Brice Mathelier, Catherine Mathelier, Laure Mathelier, Susan Conway, Lionel Clarke, Pascal et Anne Mallard, Didier Doinel, Jo\u00ebl Dugay, Christophe Claeys, Jean-Marc Janvier, Jos\u00e9e Conan, Alain H\u00e9meury, No\u00eblle Lebosq, Jean-Pierre Renault, France Hallaire, Dominique Hottois, B\u00e9atrice et Daniel Marolleau, Bruno Le Bouill, Jean-Paul Morel, Jacques Guyard, Michel Joly, Eric Rudaz, St\u00e9phane Dufresne, Vincent Achard, Sylvie Delanoy, Fanch Rault, Ludovic Lepeltier, Daniel Morellec. <br><br><span style=\"color:#474747\" class=\"has-inline-color\"><strong>R\u00e9flexion sur le contenu du site, et la forme, en g\u00e9n\u00e9ral : Guy Lecointre, Fran\u00e7ois Hartmann, V\u00e9ronique Olivier.<br>Initiateur du projet, image, montage, r\u00e9alisation, production : Guy Lecointre.<\/strong><br><\/span><br>2\u00e8me cam\u00e9ra pour les s\u00e9quences sur l&rsquo;hypothermie et avec la SNSM : Gu\u00e9nol\u00e9 Diguet.<br>2\u00e8me cam\u00e9ra pour la vid\u00e9o \u00ab\u00a0Courant : stop, reprise, bac\u00a0\u00bb : Olivier Barbier.<br>1 vid\u00e9o film\u00e9e avec smartphone \u00ab\u00a0Transport d\u2019un secouru par 2 kayakistes pagayant\u00a0\u00bb : Sol\u00e8ne Marolleau<br>Voix off : V\u00e9ronique Olivier.<br><br>Configuration du CMS WordPress : Fran\u00e7ois Hartmann.\u00a0<br>Avec l\u2019aide, pour l\u2019informatique et les supports num\u00e9riques, de : Thierry Lass\u00e8gue, Gu\u00e9nol\u00e9 Diguet, Vid\u00e9o Club Cessonnais (Jean-Claude Simonney, Ren\u00e9 Durox, Daniel Reymond, Bernard Delorme,&#8230;), L\u00e9o Mallard.<br><br>Bateau accompagnateur pour les s\u00e9quences \u00ab\u00a0Courant : stop, reprise, bac\u00a0\u00bb : Jean No\u00ebl Couenon et Annie.<\/p>\n\n\n\n<p>Dessins humoristiques : Thierry Desailly &#8211; Auteur Illustrateur<\/p>\n\n\n\n<p><em><em>Merci \u00e0 tous ceux qui \u00e9taient partants pour participer au projet mais qui n&rsquo;ont pas pu se rendre disponibles pour les cr\u00e9neaux de tournage.<br>[Site mis en ligne le 25.04.2021.]<\/em><\/em><\/p>\n","protected":false},"excerpt":{"rendered":"<p>Les participants aux exercices dans l&rsquo;ordre des tournages :Fran\u00e7ois Hartmann, Eric P\u00e9an, Patricia Larcade, Andr\u00e9 Bollor\u00e9, Dominique Oisel, V\u00e9ronique Olivier, Herv\u00e9 Le Flohic, Cathy Goarvot, Fabrice Aubin, Thomas Le Meur, Brice Mathelier, Catherine Mathelier, Laure Mathelier, Susan Conway, Lionel Clarke, &hellip; <a href=\"https:\/\/www.sauvetage.kayakalo.fr\/index.php\/qui-sommes-nous\/\">Lire la suite\u00ad\u00ad<\/a><\/p>\n","protected":false},"author":5,"featured_media":0,"parent":0,"menu_order":0,"comment_status":"closed","ping_status":"closed","template":"","meta":{"_kadence_starter_templates_imported_post":false,"footnotes":""},"class_list":["post-380","page","type-page","status-publish","hentry"],"_links":{"self":[{"href":"https:\/\/www.sauvetage.kayakalo.fr\/index.php\/wp-json\/wp\/v2\/pages\/380","targetHints":{"allow":["GET"]}}],"collection":[{"href":"https:\/\/www.sauvetage.kayakalo.fr\/index.php\/wp-json\/wp\/v2\/pages"}],"about":[{"href":"https:\/\/www.sauvetage.kayakalo.fr\/index.php\/wp-json\/wp\/v2\/types\/page"}],"author":[{"embeddable":true,"href":"https:\/\/www.sauvetage.kayakalo.fr\/index.php\/wp-json\/wp\/v2\/users\/5"}],"replies":[{"embeddable":true,"href":"https:\/\/www.sauvetage.kayakalo.fr\/index.php\/wp-json\/wp\/v2\/comments?post=380"}],"version-history":[{"count":50,"href":"https:\/\/www.sauvetage.kayakalo.fr\/index.php\/wp-json\/wp\/v2\/pages\/380\/revisions"}],"predecessor-version":[{"id":3400,"href":"https:\/\/www.sauvetage.kayakalo.fr\/index.php\/wp-json\/wp\/v2\/pages\/380\/revisions\/3400"}],"wp:attachment":[{"href":"https:\/\/www.sauvetage.kayakalo.fr\/index.php\/wp-json\/wp\/v2\/media?parent=380"}],"curies":[{"name":"wp","href":"https:\/\/api.w.org\/{rel}","templated":true}]}}