{"id":3449,"date":"2026-02-26T10:37:57","date_gmt":"2026-02-26T09:37:57","guid":{"rendered":"https:\/\/www.sauvetage.kayakalo.fr\/?page_id=3449"},"modified":"2026-04-06T14:30:18","modified_gmt":"2026-04-06T12:30:18","slug":"projection-docu-cap-horn","status":"publish","type":"page","link":"https:\/\/www.sauvetage.kayakalo.fr\/index.php\/projection-docu-cap-horn\/","title":{"rendered":"Projection docu Cap Horn"},"content":{"rendered":"\n<h5 class=\"wp-block-heading\">\u00ab Cap Horn en kayak de mer &#8211; Hiver 95\/96 \u2026 30 ans apr\u00e8s \u00bb (dur\u00e9e 1h11&prime;)<br><\/h5>\n\n\n\n<p><strong>Cesson-S\u00e9vign\u00e9 : date de programmation \u00e0 venir&#8230; <\/strong><\/p>\n\n\n\n<p><strong>Synopsis :<\/strong> <strong>\u00ab Cap Horn en kayak de mer &#8211; Hiver 95\/96 \u2026 30 ans apr\u00e8s \u00bb (dur\u00e9e 1h11&prime;)<\/strong><\/p>\n\n\n\n<p>En 1995, Guy Cloarec directeur de l\u2019Auberge de Jeunesse de Paimpol a initi\u00e9 une audacieuse exp\u00e9dition.<\/p>\n\n\n\n<p>Cette aventure de six kayakistes se passe \u00e0 l&rsquo;extr\u00eame sud de la Patagonie. Partis d&rsquo;Ushua\u00efa en Argentine, pagayant le long des \u00eeles chiliennes puis au large, les bretons Guy Cloarec, Fran\u00e7ois Jouan, Pascal Mallard, et les savoyards Pascal B\u00e9al, Fr\u00e9d\u00e9ric Berrod, Jean-Michel Couty brav\u00e8rent les conditions m\u00e9t\u00e9o extr\u00eames de la r\u00e9gion. Le 14 janvier 1996, apr\u00e8s 10 jours d&rsquo;une navigation p\u00e9rilleuse et sans assistance, les kayakistes atteignirent le Cap Horn. Sur ce cap mythique s\u00e9parant les eaux du Pacifique et de l&rsquo;Atlantique, ils pos\u00e8rent devant le monument d\u00e9di\u00e9 aux marins disparus et repr\u00e9sentant un albatros. Les 50\u00e8me hurlants ne faillirent pas \u00e0 leur r\u00e9putation\u2026<\/p>\n\n\n\n<p>Avec des images d&rsquo;archives vid\u00e9os et photos prises lors de cette exp\u00e9, les kayakistes cap-horniers nous racontent cette aventure exceptionnelle. Un d\u00e9fi r\u00e9ussi gr\u00e2ce \u00e0 une grande complicit\u00e9 du groupe.<\/p>\n\n\n\n<p>R\u00e9alisation Guy Lecointre, assist\u00e9 de V\u00e9ronique Olivier.<br>Octobre 2025<\/p>\n\n\n\n<p><\/p>\n","protected":false},"excerpt":{"rendered":"<p>\u00ab Cap Horn en kayak de mer &#8211; Hiver 95\/96 \u2026 30 ans apr\u00e8s \u00bb (dur\u00e9e 1h11&prime;) Cesson-S\u00e9vign\u00e9 : date de programmation \u00e0 venir&#8230; Synopsis : \u00ab Cap Horn en kayak de mer &#8211; Hiver 95\/96 \u2026 30 ans apr\u00e8s &hellip; <a href=\"https:\/\/www.sauvetage.kayakalo.fr\/index.php\/projection-docu-cap-horn\/\">Lire la suite\u00ad\u00ad<\/a><\/p>\n","protected":false},"author":3,"featured_media":0,"parent":0,"menu_order":0,"comment_status":"closed","ping_status":"closed","template":"","meta":{"_kadence_starter_templates_imported_post":false,"footnotes":""},"class_list":["post-3449","page","type-page","status-publish","hentry"],"_links":{"self":[{"href":"https:\/\/www.sauvetage.kayakalo.fr\/index.php\/wp-json\/wp\/v2\/pages\/3449","targetHints":{"allow":["GET"]}}],"collection":[{"href":"https:\/\/www.sauvetage.kayakalo.fr\/index.php\/wp-json\/wp\/v2\/pages"}],"about":[{"href":"https:\/\/www.sauvetage.kayakalo.fr\/index.php\/wp-json\/wp\/v2\/types\/page"}],"author":[{"embeddable":true,"href":"https:\/\/www.sauvetage.kayakalo.fr\/index.php\/wp-json\/wp\/v2\/users\/3"}],"replies":[{"embeddable":true,"href":"https:\/\/www.sauvetage.kayakalo.fr\/index.php\/wp-json\/wp\/v2\/comments?post=3449"}],"version-history":[{"count":10,"href":"https:\/\/www.sauvetage.kayakalo.fr\/index.php\/wp-json\/wp\/v2\/pages\/3449\/revisions"}],"predecessor-version":[{"id":3476,"href":"https:\/\/www.sauvetage.kayakalo.fr\/index.php\/wp-json\/wp\/v2\/pages\/3449\/revisions\/3476"}],"wp:attachment":[{"href":"https:\/\/www.sauvetage.kayakalo.fr\/index.php\/wp-json\/wp\/v2\/media?parent=3449"}],"curies":[{"name":"wp","href":"https:\/\/api.w.org\/{rel}","templated":true}]}}