{"id":3102,"date":"2023-12-24T18:18:16","date_gmt":"2023-12-24T17:18:16","guid":{"rendered":"https:\/\/www.sauvetage.kayakalo.fr\/?page_id=3102"},"modified":"2024-09-04T07:44:32","modified_gmt":"2024-09-04T05:44:32","slug":"21-entrainement-gestion-incidents-et-accidents-en-kayak-de-mer","status":"publish","type":"page","link":"https:\/\/www.sauvetage.kayakalo.fr\/index.php\/21-entrainement-gestion-incidents-et-accidents-en-kayak-de-mer\/","title":{"rendered":"21 &#8211; Entra\u00eenement gestion incidents et accidents en kayak de mer"},"content":{"rendered":"\n<p>Pour lire le texte, cliquer ici : <strong><a href=\"https:\/\/www.sauvetage.kayakalo.fr\/wp-content\/uploads\/2024\/03\/entrainement-gestion-incidents-et-accidents_sauvetage-kayakalo_v3.pdf\"><span style=\"color:#1e73be\" class=\"has-inline-color\">Entra\u00eenement \u00e0 la gestion d&rsquo;incidents et d\u2019accidents en kayak de mer<\/span><\/a><\/strong><br>et ici : <a href=\"https:\/\/www.sauvetage.kayakalo.fr\/wp-content\/uploads\/2023\/12\/sauvetage_kayakalo_fiches-scenarios.pdf\"><span style=\"color:#1e73be\" class=\"has-inline-color\"><strong>Id\u00e9es de sc\u00e9narios d\u2019incidents ou d\u2019accidents<\/strong><\/span><\/a> (sous forme de fiches \u00e0 d\u00e9couper et \u00e0 coller sur des cartons)<br><em><strong>IMPORTANT : <\/strong>Pr\u00e9venir le CROSS lors de la mise en place de sessions d&rsquo;exercices de s\u00e9curit\u00e9 en mer. <\/em><br><em>Pour chaque s\u00e9ance, au d\u00e9but et \u00e0 la fin des exercices appeler le 196, num\u00e9ro d&rsquo;urgence pour joindre le CROSS avec un t\u00e9l\u00e9phone mobile. Ils appr\u00e9cient beaucoup cette d\u00e9marche pour \u00e9viter toute alerte inutile. Informez-les du lieu et p\u00e9rim\u00e8tre pr\u00e9cis de la s\u00e9ance, du nombre de participants et globalement du type d&rsquo;exercices.<\/em><br><em>Il est conseill\u00e9 \u00e0 l&rsquo;organisateur, ou organisatrice, principal(e) d&rsquo;avoir sous housses \u00e9tanches son t\u00e9l\u00e9phone et sa VHF sur le canal 16, au cas o\u00f9 il serait n\u00e9cessaire aux secours de contacter le groupe. <\/em><br>En compl\u00e9ment : <a href=\"https:\/\/www.sauvetage.kayakalo.fr\/wp-content\/uploads\/2023\/05\/Topo_organisation-randos-kayak_GLVO_2023.pdf\"><strong><span style=\"color:#1e73be\" class=\"has-inline-color\">Organisation de randos et d&rsquo;exp\u00e9s en kayak de mer<\/span><\/strong><\/a><\/p>\n","protected":false},"excerpt":{"rendered":"<p>Pour lire le texte, cliquer ici : Entra\u00eenement \u00e0 la gestion d&rsquo;incidents et d\u2019accidents en kayak de meret ici : Id\u00e9es de sc\u00e9narios d\u2019incidents ou d\u2019accidents (sous forme de fiches \u00e0 d\u00e9couper et \u00e0 coller sur des cartons)IMPORTANT : Pr\u00e9venir &hellip; <a href=\"https:\/\/www.sauvetage.kayakalo.fr\/index.php\/21-entrainement-gestion-incidents-et-accidents-en-kayak-de-mer\/\">Lire la suite\u00ad\u00ad<\/a><\/p>\n","protected":false},"author":3,"featured_media":0,"parent":0,"menu_order":0,"comment_status":"closed","ping_status":"closed","template":"","meta":{"_kadence_starter_templates_imported_post":false,"footnotes":""},"class_list":["post-3102","page","type-page","status-publish","hentry"],"_links":{"self":[{"href":"https:\/\/www.sauvetage.kayakalo.fr\/index.php\/wp-json\/wp\/v2\/pages\/3102","targetHints":{"allow":["GET"]}}],"collection":[{"href":"https:\/\/www.sauvetage.kayakalo.fr\/index.php\/wp-json\/wp\/v2\/pages"}],"about":[{"href":"https:\/\/www.sauvetage.kayakalo.fr\/index.php\/wp-json\/wp\/v2\/types\/page"}],"author":[{"embeddable":true,"href":"https:\/\/www.sauvetage.kayakalo.fr\/index.php\/wp-json\/wp\/v2\/users\/3"}],"replies":[{"embeddable":true,"href":"https:\/\/www.sauvetage.kayakalo.fr\/index.php\/wp-json\/wp\/v2\/comments?post=3102"}],"version-history":[{"count":28,"href":"https:\/\/www.sauvetage.kayakalo.fr\/index.php\/wp-json\/wp\/v2\/pages\/3102\/revisions"}],"predecessor-version":[{"id":3269,"href":"https:\/\/www.sauvetage.kayakalo.fr\/index.php\/wp-json\/wp\/v2\/pages\/3102\/revisions\/3269"}],"wp:attachment":[{"href":"https:\/\/www.sauvetage.kayakalo.fr\/index.php\/wp-json\/wp\/v2\/media?parent=3102"}],"curies":[{"name":"wp","href":"https:\/\/api.w.org\/{rel}","templated":true}]}}