{"id":2660,"date":"2022-05-15T16:14:41","date_gmt":"2022-05-15T14:14:41","guid":{"rendered":"https:\/\/www.sauvetage.kayakalo.fr\/?page_id=2660"},"modified":"2023-09-26T11:08:36","modified_gmt":"2023-09-26T09:08:36","slug":"embarquement-debarquement-difficiles","status":"publish","type":"page","link":"https:\/\/www.sauvetage.kayakalo.fr\/index.php\/embarquement-debarquement-difficiles\/","title":{"rendered":"Embarquement d\u00e9barquement difficiles"},"content":{"rendered":"\n<div class=\"wp-block-columns is-layout-flex wp-container-core-columns-is-layout-9d6595d7 wp-block-columns-is-layout-flex\">\n<div class=\"wp-block-column is-layout-flow wp-block-column-is-layout-flow\">\n<h5 class=\"wp-block-heading\"> <\/h5>\n\n\n\n<h5 class=\"wp-block-heading\"><strong>D\u00e9part en trottinette<\/strong><\/h5>\n\n\n\n<figure class=\"wp-block-video\"><video controls src=\"https:\/\/www.sauvetage.kayakalo.fr\/wp-content\/uploads\/2023\/09\/PO_14_depart-en-trottinette.mp4\"><\/video><figcaption>Embarquement trottinette (sauvetage.kayakalo.fr)<\/figcaption><\/figure>\n\n\n\n<h5 class=\"wp-block-heading\"><strong>Embarquement \u00e0 couple<\/strong> <strong>dans le m\u00eame sens<\/strong><\/h5>\n\n\n\n<figure class=\"wp-block-video\"><video controls src=\"https:\/\/www.sauvetage.kayakalo.fr\/wp-content\/uploads\/2023\/09\/PO_20_embarquement-a-couple-dans-le-meme-sens.mp4\"><\/video><figcaption>Embarquement \u00e0 couple dans le m\u00eame sens (sauvetage.kayakalo.fr)<\/figcaption><\/figure>\n\n\n\n<h5 class=\"wp-block-heading\"> <strong>Entraide d\u00e9barquement-embarquement sur rochers &#8211; mer calme (1)<\/strong> <\/h5>\n\n\n\n<figure class=\"wp-block-video\"><video controls src=\"https:\/\/www.sauvetage.kayakalo.fr\/wp-content\/uploads\/2022\/05\/PO_07_embarquement_kayak-planche.mp4\"><\/video><figcaption> <sup>D\u00e9barquement embarquement difficiles en kayak de mer (sauvetage.kayakalo.fr)<\/sup> <\/figcaption><\/figure>\n<\/div>\n\n\n\n<div class=\"wp-block-column is-layout-flow wp-block-column-is-layout-flow\">\n<h5 class=\"wp-block-heading\"><strong>Embarquement aid\u00e9 \u00e0 la cow-boy<\/strong><\/h5>\n\n\n\n<figure class=\"wp-block-video\"><video controls src=\"https:\/\/www.sauvetage.kayakalo.fr\/wp-content\/uploads\/2023\/09\/PO_18_embarquement-aide-a-la-cow-boy.mp4\"><\/video><figcaption>Embarquement aid\u00e9 \u00e0 la cow-boy (sauvetage.kayakalo.fr)<\/figcaption><\/figure>\n\n\n\n<h5 class=\"wp-block-heading\"><strong>Embarquement \u00e0 couple face \u00e0 face<\/strong><\/h5>\n\n\n\n<figure class=\"wp-block-video\"><video controls src=\"https:\/\/www.sauvetage.kayakalo.fr\/wp-content\/uploads\/2023\/09\/PO_19_embarquement-a-couple-face-a-face.mp4\"><\/video><figcaption>Embarquement \u00e0 couple face \u00e0 face (sauvetage.kayakalo.fr)<\/figcaption><\/figure>\n\n\n\n<h5 class=\"wp-block-heading\"> <strong>Entraide d\u00e9barquement-embarquement sur rochers &#8211; mer calme (2)  <\/strong><\/h5>\n\n\n\n<figure class=\"wp-block-video\"><video controls src=\"https:\/\/www.sauvetage.kayakalo.fr\/wp-content\/uploads\/2022\/05\/PO_08_embarquement_en_nageant_puis_araignee.mp4\"><\/video><figcaption><sup>D\u00e9barquement embarquement difficiles en kayak de mer (sauvetage.kayakalo.fr)<\/sup>  <\/figcaption><\/figure>\n<\/div>\n<\/div>\n","protected":false},"excerpt":{"rendered":"<p>D\u00e9part en trottinette Embarquement \u00e0 couple dans le m\u00eame sens Entraide d\u00e9barquement-embarquement sur rochers &#8211; mer calme (1) Embarquement aid\u00e9 \u00e0 la cow-boy Embarquement \u00e0 couple face \u00e0 face Entraide d\u00e9barquement-embarquement sur rochers &#8211; mer calme (2)<\/p>\n","protected":false},"author":3,"featured_media":0,"parent":0,"menu_order":0,"comment_status":"closed","ping_status":"closed","template":"","meta":{"_kadence_starter_templates_imported_post":false,"footnotes":""},"class_list":["post-2660","page","type-page","status-publish","hentry"],"_links":{"self":[{"href":"https:\/\/www.sauvetage.kayakalo.fr\/index.php\/wp-json\/wp\/v2\/pages\/2660","targetHints":{"allow":["GET"]}}],"collection":[{"href":"https:\/\/www.sauvetage.kayakalo.fr\/index.php\/wp-json\/wp\/v2\/pages"}],"about":[{"href":"https:\/\/www.sauvetage.kayakalo.fr\/index.php\/wp-json\/wp\/v2\/types\/page"}],"author":[{"embeddable":true,"href":"https:\/\/www.sauvetage.kayakalo.fr\/index.php\/wp-json\/wp\/v2\/users\/3"}],"replies":[{"embeddable":true,"href":"https:\/\/www.sauvetage.kayakalo.fr\/index.php\/wp-json\/wp\/v2\/comments?post=2660"}],"version-history":[{"count":14,"href":"https:\/\/www.sauvetage.kayakalo.fr\/index.php\/wp-json\/wp\/v2\/pages\/2660\/revisions"}],"predecessor-version":[{"id":2964,"href":"https:\/\/www.sauvetage.kayakalo.fr\/index.php\/wp-json\/wp\/v2\/pages\/2660\/revisions\/2964"}],"wp:attachment":[{"href":"https:\/\/www.sauvetage.kayakalo.fr\/index.php\/wp-json\/wp\/v2\/media?parent=2660"}],"curies":[{"name":"wp","href":"https:\/\/api.w.org\/{rel}","templated":true}]}}