{"id":2653,"date":"2022-05-15T15:50:26","date_gmt":"2022-05-15T13:50:26","guid":{"rendered":"https:\/\/www.sauvetage.kayakalo.fr\/?page_id=2653"},"modified":"2025-04-18T17:23:51","modified_gmt":"2025-04-18T15:23:51","slug":"evacuation-dune-zone-dangereuse","status":"publish","type":"page","link":"https:\/\/www.sauvetage.kayakalo.fr\/index.php\/evacuation-dune-zone-dangereuse\/","title":{"rendered":"Evacuation d&rsquo;une zone dangereuse"},"content":{"rendered":"\n<h5 class=\"wp-block-heading\"><strong>Ce qui caract\u00e9rise ce type d\u2019intervention, est qu\u2019il est impossible d\u2019effectuer la r\u00e9cup\u00e9ration sur le lieu du dessalage. Il faut sortir le kayakiste et le kayak de la zone de danger avant de r\u00e9aliser une r\u00e9cup\u00e9ration classique. Soulignons l&rsquo;importance de la coordination et de la communication entre les kayakistes impliqu\u00e9s : sauveteur(s) et secouru. Il est essentiel de d\u00e9velopper une conscience de s\u00e9curit\u00e9 collective avec ses partenaires de navigation.<\/strong><\/h5>\n\n\n\n<h5 class=\"wp-block-heading\"><strong><span style=\"color:#ff5d05\" class=\"has-inline-color\">Attention, les exercices ci-dessous ont \u00e9t\u00e9 effectu\u00e9s par mer calme. Dans des conditions plus fortes, le risque de coincer le bout de remorquage est beaucoup plus important. <\/span><\/strong><\/h5>\n\n\n\n<h5 class=\"wp-block-heading\">Dans certaines situations, le sauveteur peut arriver en marche arri\u00e8re vers le dessal\u00e9. R\u00e9cup\u00e9ration du secouru dans son kayak plein d&rsquo;eau. Ce dernier s&rsquo;appuyant sur le pont arri\u00e8re du kayak sauveteur : comme la premi\u00e8re vid\u00e9o en haut \u00e0 gauche mais sans remorquage, et le sauveteur reculant vers le secouru.<\/h5>\n\n\n\n<div class=\"wp-block-columns is-layout-flex wp-container-core-columns-is-layout-9d6595d7 wp-block-columns-is-layout-flex\">\n<div class=\"wp-block-column is-layout-flow wp-block-column-is-layout-flow\">\n<h5 class=\"wp-block-heading\"><strong>R\u00e9cup\u00e9ration dans les rochers &#8211; mer calme &#8211; sauveteur en marche avant &#8211; kayak secouru plein d&rsquo;eau &#8211; remorquage <\/strong><\/h5>\n\n\n\n<figure class=\"wp-block-video\"><video controls src=\"https:\/\/www.sauvetage.kayakalo.fr\/wp-content\/uploads\/2022\/05\/PO_01_recup-plein-eau_remorquages.mp4\"><\/video><figcaption class=\"wp-element-caption\"><sup>Evacuation d&rsquo;une zone dangereuse en kayak de mer (sauvetage.kayakalo.fr)<\/sup>  <\/figcaption><\/figure>\n\n\n\n<h5 class=\"wp-block-heading\"><strong>R\u00e9cup\u00e9ration dans les rochers &#8211; mer calme &#8211; sauveteur en marche arri\u00e8re &#8211; kayak secouru plein d&rsquo;eau &#8211; secouru en position \u00ab\u00a0araign\u00e9e\u00a0\u00bb<\/strong>  <\/h5>\n\n\n\n<figure class=\"wp-block-video\"><video controls src=\"https:\/\/www.sauvetage.kayakalo.fr\/wp-content\/uploads\/2022\/05\/PO_03_recup-araignee_2-kayakistes.mp4\"><\/video><figcaption class=\"wp-element-caption\"><sup>Evacuation d&rsquo;une zone dangereuse en kayak de mer (sauvetage.kayakalo.fr)<\/sup>  <\/figcaption><\/figure>\n\n\n\n<h5 class=\"wp-block-heading\"><strong>R\u00e9cup\u00e9ration dans les rochers &#8211; mer calme &#8211; sauveteur en marche arri\u00e8re &#8211; kayak secouru plein d&rsquo;eau &#8211; remorquage de pointe \u00e0 pointe<\/strong> <\/h5>\n\n\n\n<figure class=\"wp-block-video\"><video controls src=\"https:\/\/www.sauvetage.kayakalo.fr\/wp-content\/uploads\/2022\/05\/PO_05_recup-pointe-a-pointe.mp4\"><\/video><figcaption class=\"wp-element-caption\"><sup>Evacuation d&rsquo;une zone dangereuse en kayak de mer (sauvetage.kayakalo.fr)<\/sup><\/figcaption><\/figure>\n\n\n\n<h5 class=\"wp-block-heading\"><strong>Evacuation sur pont arri\u00e8re <strong>position \u00ab\u00a0araign\u00e9e\u00a0\u00bb<\/strong> <strong>avec<\/strong> <strong>crochet du pied pour se hisser sur le pont arri\u00e8re du sauveteu<\/strong>r <\/strong><\/h5>\n\n\n\n<figure class=\"wp-block-video\"><video controls src=\"https:\/\/www.sauvetage.kayakalo.fr\/wp-content\/uploads\/2023\/10\/PO_16b_extraction-araignee.mp4\"><\/video><figcaption class=\"wp-element-caption\">Evacuation d&rsquo;une zone dangereuse en kayak de mer en araign\u00e9e (sauvetage.kayakalo.fr)<\/figcaption><\/figure>\n\n\n\n<h5 class=\"wp-block-heading\"> <strong>Evacuation sur pont arri\u00e8re position \u00ab\u00a0araign\u00e9e\u00a0\u00bb<\/strong><\/h5>\n\n\n\n<figure class=\"wp-block-video\"><video controls src=\"https:\/\/www.sauvetage.kayakalo.fr\/wp-content\/uploads\/2023\/10\/PO_17b_extraction-araignee_crochet-du-pied.mp4\"><\/video><figcaption class=\"wp-element-caption\">Evacuation d&rsquo;une zone dangereuse en kayak de mer en araign\u00e9e et crochet du pied<\/figcaption><\/figure>\n<\/div>\n\n\n\n<div class=\"wp-block-column is-layout-flow wp-block-column-is-layout-flow\">\n<h5 class=\"wp-block-heading\"><strong>R\u00e9cup\u00e9ration dans les rochers &#8211; mer calme &#8211; sauveteur en marche avant &#8211; kayak secouru plein d&rsquo;eau &#8211; secouru en position \u00ab\u00a0araign\u00e9e\u00a0\u00bb &#8211; remorquage <\/strong> <\/h5>\n\n\n\n<figure class=\"wp-block-video\"><video controls src=\"https:\/\/www.sauvetage.kayakalo.fr\/wp-content\/uploads\/2022\/05\/PO_02_recup-plein-eau_araignee_remorquages.mp4\"><\/video><figcaption class=\"wp-element-caption\"><sup>Evacuation d&rsquo;une zone dangereuse en kayak de mer (sauvetage.kayakalo.fr)<\/sup>  <\/figcaption><\/figure>\n\n\n\n<h5 class=\"wp-block-heading\"><strong>R\u00e9cup\u00e9ration dans les rochers &#8211; mer calme &#8211; sauveteur en marche arri\u00e8re &#8211; kayak secouru plein d&rsquo;eau &#8211; secouru en position \u00ab\u00a0araign\u00e9e\u00a0\u00bb &#8211; remorquage<\/strong> <\/h5>\n\n\n\n<figure class=\"wp-block-video\"><video controls src=\"https:\/\/www.sauvetage.kayakalo.fr\/wp-content\/uploads\/2022\/05\/PO_04_recup-araignee_2-kayakistes.mp4\"><\/video><figcaption class=\"wp-element-caption\"><sup>Evacuation d&rsquo;une zone dangereuse en kayak de mer (sauvetage.kayakalo.fr)<\/sup> <\/figcaption><\/figure>\n\n\n\n<h5 class=\"wp-block-heading\"><strong>Sortie \u00e0 la nage &#8211; kayak tract\u00e9 par un bout court<\/strong><\/h5>\n\n\n\n<figure class=\"wp-block-video\"><video controls src=\"https:\/\/www.sauvetage.kayakalo.fr\/wp-content\/uploads\/2022\/05\/PO_06_evacuation-en-nageant.mp4\"><\/video><figcaption class=\"wp-element-caption\"><sup>Evacuation d&rsquo;une zone dangereuse en kayak de mer (sauvetage.kayakalo.fr)<\/sup><\/figcaption><\/figure>\n\n\n\n<h5 class=\"wp-block-heading\"><strong>Evacuation sur pont arri\u00e8re<\/strong><\/h5>\n\n\n\n<figure class=\"wp-block-video\"><video controls src=\"https:\/\/www.sauvetage.kayakalo.fr\/wp-content\/uploads\/2023\/09\/PO_13a_remontee-sur-pont-arriere-1.mp4\"><\/video><figcaption class=\"wp-element-caption\">Evacuation d&rsquo;une zone dangereuse en kayak de mer (sauvetage.kayakalo.fr)<\/figcaption><\/figure>\n<\/div>\n<\/div>\n\n\n\n<p><\/p>\n","protected":false},"excerpt":{"rendered":"<p>Ce qui caract\u00e9rise ce type d\u2019intervention, est qu\u2019il est impossible d\u2019effectuer la r\u00e9cup\u00e9ration sur le lieu du dessalage. Il faut sortir le kayakiste et le kayak de la zone de danger avant de r\u00e9aliser une r\u00e9cup\u00e9ration classique. Soulignons l&rsquo;importance de &hellip; <a href=\"https:\/\/www.sauvetage.kayakalo.fr\/index.php\/evacuation-dune-zone-dangereuse\/\">Lire la suite\u00ad\u00ad<\/a><\/p>\n","protected":false},"author":3,"featured_media":0,"parent":0,"menu_order":0,"comment_status":"closed","ping_status":"closed","template":"","meta":{"_kadence_starter_templates_imported_post":false,"footnotes":""},"class_list":["post-2653","page","type-page","status-publish","hentry"],"_links":{"self":[{"href":"https:\/\/www.sauvetage.kayakalo.fr\/index.php\/wp-json\/wp\/v2\/pages\/2653","targetHints":{"allow":["GET"]}}],"collection":[{"href":"https:\/\/www.sauvetage.kayakalo.fr\/index.php\/wp-json\/wp\/v2\/pages"}],"about":[{"href":"https:\/\/www.sauvetage.kayakalo.fr\/index.php\/wp-json\/wp\/v2\/types\/page"}],"author":[{"embeddable":true,"href":"https:\/\/www.sauvetage.kayakalo.fr\/index.php\/wp-json\/wp\/v2\/users\/3"}],"replies":[{"embeddable":true,"href":"https:\/\/www.sauvetage.kayakalo.fr\/index.php\/wp-json\/wp\/v2\/comments?post=2653"}],"version-history":[{"count":29,"href":"https:\/\/www.sauvetage.kayakalo.fr\/index.php\/wp-json\/wp\/v2\/pages\/2653\/revisions"}],"predecessor-version":[{"id":3405,"href":"https:\/\/www.sauvetage.kayakalo.fr\/index.php\/wp-json\/wp\/v2\/pages\/2653\/revisions\/3405"}],"wp:attachment":[{"href":"https:\/\/www.sauvetage.kayakalo.fr\/index.php\/wp-json\/wp\/v2\/media?parent=2653"}],"curies":[{"name":"wp","href":"https:\/\/api.w.org\/{rel}","templated":true}]}}