{"id":2447,"date":"2022-01-13T00:01:29","date_gmt":"2022-01-12T23:01:29","guid":{"rendered":"https:\/\/www.sauvetage.kayakalo.fr\/?page_id=2447"},"modified":"2022-01-13T00:33:06","modified_gmt":"2022-01-12T23:33:06","slug":"2447-2","status":"publish","type":"page","link":"https:\/\/www.sauvetage.kayakalo.fr\/index.php\/2447-2\/","title":{"rendered":"15d &#8211; Surf &#8211; spots fr\u00e9quent\u00e9s"},"content":{"rendered":"\n<div class=\"wp-block-columns is-layout-flex wp-container-core-columns-is-layout-9d6595d7 wp-block-columns-is-layout-flex\">\n<div class=\"wp-block-column is-layout-flow wp-block-column-is-layout-flow\">\n<h5 class=\"wp-block-heading\">15d-1 &#8211; Surf &#8211; spots fr\u00e9quent\u00e9s<\/h5>\n\n\n\n<figure class=\"wp-block-video\"><video controls src=\"https:\/\/www.sauvetage.kayakalo.fr\/wp-content\/uploads\/2022\/01\/Surf_kmer_05_spots-frequentes.mp4\"><\/video><figcaption>Kayak de mer : surf &#8211; spots fr\u00e9quent\u00e9s (sauvetage.kayakalo.fr)<\/figcaption><\/figure>\n\n\n\n<h5 class=\"wp-block-heading\"> 15d-3 &#8211; Surf &#8211; spots fr\u00e9quent\u00e9s <\/h5>\n\n\n\n<figure class=\"wp-block-video\"><video controls src=\"https:\/\/www.sauvetage.kayakalo.fr\/wp-content\/uploads\/2022\/01\/Surf_kmer_07_spots-frequentes.mp4\"><\/video><figcaption>Kayak de mer : surf &#8211; spots fr\u00e9quent\u00e9s (sauvetage.kayakalo.fr) <\/figcaption><\/figure>\n\n\n\n<h5 class=\"wp-block-heading\"> 15d-5 &#8211; Surf &#8211; spots fr\u00e9quent\u00e9s  <\/h5>\n\n\n\n<figure class=\"wp-block-video\"><video controls src=\"https:\/\/www.sauvetage.kayakalo.fr\/wp-content\/uploads\/2022\/01\/Surf_kmer_09_spots-frequentes.mp4\"><\/video><figcaption>Kayak de mer : surf &#8211; spots fr\u00e9quent\u00e9s (sauvetage.kayakalo.fr) <\/figcaption><\/figure>\n<\/div>\n\n\n\n<div class=\"wp-block-column is-layout-flow wp-block-column-is-layout-flow\">\n<h5 class=\"wp-block-heading\"> 15d-2 &#8211; Surf &#8211; spots fr\u00e9quent\u00e9s <\/h5>\n\n\n\n<figure class=\"wp-block-video\"><video controls src=\"https:\/\/www.sauvetage.kayakalo.fr\/wp-content\/uploads\/2022\/01\/Surf_kmer_06_spots-frequentes.mp4\"><\/video><figcaption>Kayak de mer : surf &#8211; spots fr\u00e9quent\u00e9s (sauvetage.kayakalo.fr) <\/figcaption><\/figure>\n\n\n\n<h5 class=\"wp-block-heading\">  15d-4 &#8211; Surf &#8211; spots fr\u00e9quent\u00e9s <\/h5>\n\n\n\n<figure class=\"wp-block-video\"><video controls src=\"https:\/\/www.sauvetage.kayakalo.fr\/wp-content\/uploads\/2022\/01\/Surf_kmer_08_spots-frequentes.mp4\"><\/video><figcaption>Kayak de mer : surf &#8211; spots fr\u00e9quent\u00e9s (sauvetage.kayakalo.fr)  <\/figcaption><\/figure>\n<\/div>\n<\/div>\n","protected":false},"excerpt":{"rendered":"<p>15d-1 &#8211; Surf &#8211; spots fr\u00e9quent\u00e9s 15d-3 &#8211; Surf &#8211; spots fr\u00e9quent\u00e9s 15d-5 &#8211; Surf &#8211; spots fr\u00e9quent\u00e9s 15d-2 &#8211; Surf &#8211; spots fr\u00e9quent\u00e9s 15d-4 &#8211; Surf &#8211; spots fr\u00e9quent\u00e9s<\/p>\n","protected":false},"author":3,"featured_media":0,"parent":0,"menu_order":0,"comment_status":"closed","ping_status":"closed","template":"","meta":{"_kadence_starter_templates_imported_post":false,"footnotes":""},"class_list":["post-2447","page","type-page","status-publish","hentry"],"_links":{"self":[{"href":"https:\/\/www.sauvetage.kayakalo.fr\/index.php\/wp-json\/wp\/v2\/pages\/2447","targetHints":{"allow":["GET"]}}],"collection":[{"href":"https:\/\/www.sauvetage.kayakalo.fr\/index.php\/wp-json\/wp\/v2\/pages"}],"about":[{"href":"https:\/\/www.sauvetage.kayakalo.fr\/index.php\/wp-json\/wp\/v2\/types\/page"}],"author":[{"embeddable":true,"href":"https:\/\/www.sauvetage.kayakalo.fr\/index.php\/wp-json\/wp\/v2\/users\/3"}],"replies":[{"embeddable":true,"href":"https:\/\/www.sauvetage.kayakalo.fr\/index.php\/wp-json\/wp\/v2\/comments?post=2447"}],"version-history":[{"count":6,"href":"https:\/\/www.sauvetage.kayakalo.fr\/index.php\/wp-json\/wp\/v2\/pages\/2447\/revisions"}],"predecessor-version":[{"id":2462,"href":"https:\/\/www.sauvetage.kayakalo.fr\/index.php\/wp-json\/wp\/v2\/pages\/2447\/revisions\/2462"}],"wp:attachment":[{"href":"https:\/\/www.sauvetage.kayakalo.fr\/index.php\/wp-json\/wp\/v2\/media?parent=2447"}],"curies":[{"name":"wp","href":"https:\/\/api.w.org\/{rel}","templated":true}]}}