{"id":2426,"date":"2021-12-29T14:31:07","date_gmt":"2021-12-29T13:31:07","guid":{"rendered":"https:\/\/www.sauvetage.kayakalo.fr\/?page_id=2426"},"modified":"2024-10-06T18:49:11","modified_gmt":"2024-10-06T16:49:11","slug":"15a-depart-et-arrivee-de-plage","status":"publish","type":"page","link":"https:\/\/www.sauvetage.kayakalo.fr\/index.php\/15a-depart-et-arrivee-de-plage\/","title":{"rendered":"15a &#8211; D\u00e9part et arriv\u00e9e de plage"},"content":{"rendered":"\n<div class=\"wp-block-columns is-layout-flex wp-container-core-columns-is-layout-9d6595d7 wp-block-columns-is-layout-flex\">\n<div class=\"wp-block-column is-layout-flow wp-block-column-is-layout-flow\">\n<h5 class=\"wp-block-heading\">D\u00e9part en trottinette<\/h5>\n\n\n\n<figure class=\"wp-block-video\"><video controls src=\"https:\/\/www.sauvetage.kayakalo.fr\/wp-content\/uploads\/2023\/09\/PO_14_depart-en-trottinette.mp4\"><\/video><\/figure>\n\n\n\n<p><sub>Kayak de mer : d\u00e9part en trottinette (sauvetage.kayakalo.fr)<\/sub><\/p>\n\n\n\n<h5 class=\"wp-block-heading\">Embarquement \u00e0 couple face \u00e0 face<\/h5>\n\n\n\n<figure class=\"wp-block-video\"><video controls src=\"https:\/\/www.sauvetage.kayakalo.fr\/wp-content\/uploads\/2023\/09\/PO_19_embarquement-a-couple-face-a-face.mp4\"><\/video><\/figure>\n\n\n\n<p><sub>Kayak de mer : embarquement \u00e0 couple face \u00e0 face (sauvetage.kayakalo.fr)<\/sub><\/p>\n<\/div>\n\n\n\n<div class=\"wp-block-column is-layout-flow wp-block-column-is-layout-flow\">\n<h5 class=\"wp-block-heading\">Embarquement aid\u00e9 \u00e0 la cow-boy<\/h5>\n\n\n\n<figure class=\"wp-block-video\"><video controls src=\"https:\/\/www.sauvetage.kayakalo.fr\/wp-content\/uploads\/2023\/09\/PO_18_embarquement-aide-a-la-cow-boy.mp4\"><\/video><\/figure>\n\n\n\n<p><sub>Kayak de mer : embarquement aid\u00e9 \u00e0 la cow-boy (sauvetage.kayakalo.fr)<\/sub><\/p>\n\n\n\n<h5 class=\"wp-block-heading\">Embarquement \u00e0 couple dans le m\u00eame sens<\/h5>\n\n\n\n<figure class=\"wp-block-video\"><video controls src=\"https:\/\/www.sauvetage.kayakalo.fr\/wp-content\/uploads\/2023\/09\/PO_20_embarquement-a-couple-dans-le-meme-sens.mp4\"><\/video><\/figure>\n\n\n\n<p><sub>Kayak de mer : embarquement \u00e0 couple dans le m\u00eame sens (sauvetage.kayakalo.fr)<\/sub><\/p>\n<\/div>\n<\/div>\n\n\n\n<p><\/p>\n","protected":false},"excerpt":{"rendered":"<p>D\u00e9part en trottinette Kayak de mer : d\u00e9part en trottinette (sauvetage.kayakalo.fr) Embarquement \u00e0 couple face \u00e0 face Kayak de mer : embarquement \u00e0 couple face \u00e0 face (sauvetage.kayakalo.fr) Embarquement aid\u00e9 \u00e0 la cow-boy Kayak de mer : embarquement aid\u00e9 \u00e0 &hellip; <a href=\"https:\/\/www.sauvetage.kayakalo.fr\/index.php\/15a-depart-et-arrivee-de-plage\/\">Lire la suite\u00ad\u00ad<\/a><\/p>\n","protected":false},"author":3,"featured_media":0,"parent":0,"menu_order":0,"comment_status":"closed","ping_status":"closed","template":"","meta":{"_kadence_starter_templates_imported_post":false,"footnotes":""},"class_list":["post-2426","page","type-page","status-publish","hentry"],"_links":{"self":[{"href":"https:\/\/www.sauvetage.kayakalo.fr\/index.php\/wp-json\/wp\/v2\/pages\/2426","targetHints":{"allow":["GET"]}}],"collection":[{"href":"https:\/\/www.sauvetage.kayakalo.fr\/index.php\/wp-json\/wp\/v2\/pages"}],"about":[{"href":"https:\/\/www.sauvetage.kayakalo.fr\/index.php\/wp-json\/wp\/v2\/types\/page"}],"author":[{"embeddable":true,"href":"https:\/\/www.sauvetage.kayakalo.fr\/index.php\/wp-json\/wp\/v2\/users\/3"}],"replies":[{"embeddable":true,"href":"https:\/\/www.sauvetage.kayakalo.fr\/index.php\/wp-json\/wp\/v2\/comments?post=2426"}],"version-history":[{"count":7,"href":"https:\/\/www.sauvetage.kayakalo.fr\/index.php\/wp-json\/wp\/v2\/pages\/2426\/revisions"}],"predecessor-version":[{"id":3289,"href":"https:\/\/www.sauvetage.kayakalo.fr\/index.php\/wp-json\/wp\/v2\/pages\/2426\/revisions\/3289"}],"wp:attachment":[{"href":"https:\/\/www.sauvetage.kayakalo.fr\/index.php\/wp-json\/wp\/v2\/media?parent=2426"}],"curies":[{"name":"wp","href":"https:\/\/api.w.org\/{rel}","templated":true}]}}