{"id":1975,"date":"2021-10-27T10:42:46","date_gmt":"2021-10-27T08:42:46","guid":{"rendered":"https:\/\/www.sauvetage.kayakalo.fr\/?page_id=1975"},"modified":"2021-10-27T11:16:21","modified_gmt":"2021-10-27T09:16:21","slug":"1975-2","status":"publish","type":"page","link":"https:\/\/www.sauvetage.kayakalo.fr\/index.php\/1975-2\/","title":{"rendered":"VHF utilisation du canal 16"},"content":{"rendered":"\n<p><span class=\"has-inline-color has-black-color\">Le canal 16 est la fr\u00e9quence internationale d\u2019appel et de d\u00e9tresse. Il est tr\u00e8s important de ne pas l\u2019encombrer. Sur ce canal les messages doivent \u00eatre clairs et les plus courts possible. Ne pas parler sur un message d\u00e9j\u00e0 en cours.<br><\/span><br><strong><span style=\"color:#f53905\" class=\"has-inline-color\">DETRESSE : Danger grave et imminent du bateau ou des personnes<\/span><\/strong><br><br><strong>MAYDAY, MAYDAY, MAYDAY<\/strong><br><span class=\"has-inline-color has-black-color\">ICI (This is)&nbsp;: \u00ab\u00a0ici kayakiste(s)\u00a0\u00bb (r\u00e9p\u00e9ter 3 fois)<br>&#8211; position navire<br>&#8211; nature d\u00e9tresse (homme \u00e0 la mer, voie d&rsquo;eau, hypothermie avanc\u00e9e, etc)<br>&#8211; secours demand\u00e9s<br>&#8211; nombre de personnes (ici kayakistes)<br>&#8211; intentions du kayakiste ou du groupe de kayakistes<br>&#8211; tout renseignement facilitant les secours<br>A VOUS (Over)<\/span><br><br><strong><span style=\"color:#f53905\" class=\"has-inline-color\">URGENCE : Avarie du bateau, personne malade ou bless\u00e9e<\/span><\/strong><br><br><strong>PAN PAN, PAN PAN, PAN PAN<\/strong><br><span class=\"has-inline-color has-black-color\">A TOUS, A TOUS, A TOUS<br>ICI (This is)&nbsp;: \u00ab\u00a0ici kayakiste(s)\u00a0\u00bb (r\u00e9p\u00e9ter 3 fois)<br>&#8211; position navire<br>&#8211; nature de l&rsquo;urgence (bless\u00e9, malade, \u00e9chouage, d\u00e9rive non ma\u00eetris\u00e9e et dangereuse, kayak devenu inutilisable, etc)<br>&#8211; secours demand\u00e9s<br>&#8211; intentions du kayakiste ou du groupe de kayakistes<br>&#8211; tout renseignement facilitant les secours<br>A VOUS (Over)<\/span><br><br><span style=\"color:#f53905\" class=\"has-inline-color\"><strong>SECURITE : objets dangereux, \u00e9paves \u00e0 la d\u00e9rive, \u2026<\/strong><br><\/span><br><strong><span class=\"has-inline-color has-virtue-primary-color\">SECURITE, SECURITE, SECURITE<\/span><\/strong><br><span class=\"has-inline-color has-black-color\">A TOUS, A TOUS, A TOUS<br>ICI (This is)&nbsp;: \u00ab\u00a0ici kayakiste(s)\u00a0\u00bb (r\u00e9p\u00e9ter 3 fois)<br>&#8211; Signaler tout danger li\u00e9 \u00e0 la s\u00e9curit\u00e9 de la navigation (objets dangereux, \u00e9paves \u00e0 la d\u00e9rive, \u2026)<br>Le CROSS ou un s\u00e9maphore vous rappelleront sur le canal 16 pour plus de pr\u00e9cisions si besoin.<\/span><\/p>\n\n\n\n<p class=\"has-text-align-center\"><span class=\"has-inline-color has-black-color\">_________________________________________________________________________________________<\/span>____<\/p>\n\n\n\n<p><span class=\"has-inline-color has-black-color\">En kayak de mer, la VHF portable est un \u00e9l\u00e9ment essentiel de s\u00e9curit\u00e9. Elle permet de lancer un appel de secours sur le canal 16 et d\u2019\u00eatre entendu par le CROSS (Centre R\u00e9gional Op\u00e9rationnel de Surveillance et de Sauvetage) et les bateaux naviguant sur le secteur, d\u2019\u00e9couter des bulletins m\u00e9t\u00e9o, d\u2019\u00e9changer entre bateaux sur des canaux sp\u00e9cifiques, d\u2019\u00e9couter le trafic dans les zones \u00e0 forte circulation maritime, de se signaler lors d&rsquo;entr\u00e9e de ports fr\u00e9quent\u00e9s.<br>Le canal 16 doit \u00eatre conserv\u00e9 aussi libre que possible.<br>Contacts entre navires exclusivement sur les canaux 06, 08, 72, 77.<br>Ports de plaisance : appel sur le canal 9.<br>S\u00e9maphores : peuvent \u00eatre joints sur les canaux 10 ou 16.<br>Les canaux 67 et 68 sont affect\u00e9s aux op\u00e9rations des CROSS.<br><br>Plus d\u2019infos&nbsp;: \u00ab&nbsp;La VHF en kayak de mer&nbsp;\u00bb<\/span><br><a href=\"https:\/\/www.kayakalo.fr\/vhf.php\"><span style=\"color:#1e73be\" class=\"has-inline-color\">https:\/\/www.kayakalo.fr\/vhf.php<\/span><\/a><\/p>\n","protected":false},"excerpt":{"rendered":"<p>Le canal 16 est la fr\u00e9quence internationale d\u2019appel et de d\u00e9tresse. Il est tr\u00e8s important de ne pas l\u2019encombrer. Sur ce canal les messages doivent \u00eatre clairs et les plus courts possible. Ne pas parler sur un message d\u00e9j\u00e0 en &hellip; <a href=\"https:\/\/www.sauvetage.kayakalo.fr\/index.php\/1975-2\/\">Lire la suite\u00ad\u00ad<\/a><\/p>\n","protected":false},"author":3,"featured_media":0,"parent":0,"menu_order":0,"comment_status":"closed","ping_status":"closed","template":"","meta":{"_kadence_starter_templates_imported_post":false,"footnotes":""},"class_list":["post-1975","page","type-page","status-publish","hentry"],"_links":{"self":[{"href":"https:\/\/www.sauvetage.kayakalo.fr\/index.php\/wp-json\/wp\/v2\/pages\/1975","targetHints":{"allow":["GET"]}}],"collection":[{"href":"https:\/\/www.sauvetage.kayakalo.fr\/index.php\/wp-json\/wp\/v2\/pages"}],"about":[{"href":"https:\/\/www.sauvetage.kayakalo.fr\/index.php\/wp-json\/wp\/v2\/types\/page"}],"author":[{"embeddable":true,"href":"https:\/\/www.sauvetage.kayakalo.fr\/index.php\/wp-json\/wp\/v2\/users\/3"}],"replies":[{"embeddable":true,"href":"https:\/\/www.sauvetage.kayakalo.fr\/index.php\/wp-json\/wp\/v2\/comments?post=1975"}],"version-history":[{"count":13,"href":"https:\/\/www.sauvetage.kayakalo.fr\/index.php\/wp-json\/wp\/v2\/pages\/1975\/revisions"}],"predecessor-version":[{"id":1998,"href":"https:\/\/www.sauvetage.kayakalo.fr\/index.php\/wp-json\/wp\/v2\/pages\/1975\/revisions\/1998"}],"wp:attachment":[{"href":"https:\/\/www.sauvetage.kayakalo.fr\/index.php\/wp-json\/wp\/v2\/media?parent=1975"}],"curies":[{"name":"wp","href":"https:\/\/api.w.org\/{rel}","templated":true}]}}