{"id":1917,"date":"2021-10-23T08:51:34","date_gmt":"2021-10-23T06:51:34","guid":{"rendered":"https:\/\/www.sauvetage.kayakalo.fr\/?page_id=1917"},"modified":"2024-10-30T08:33:46","modified_gmt":"2024-10-30T07:33:46","slug":"15-3-reportages-sur-la-randonnee-en-kayak-de-mer","status":"publish","type":"page","link":"https:\/\/www.sauvetage.kayakalo.fr\/index.php\/15-3-reportages-sur-la-randonnee-en-kayak-de-mer\/","title":{"rendered":"25 &#8211; Reportages sur la randonn\u00e9e en kayak de mer"},"content":{"rendered":"\n<p class=\"has-text-color has-link-color wp-elements-3cabdf00b7aaf47a507ad35a0904b6ad\" style=\"color:#1e73be\">\u00ab\u00a0<strong><a href=\"https:\/\/www.sauvetage.kayakalo.fr\/wp-content\/uploads\/2024\/03\/LITTORALBrehat2020.mp4\"><span style=\"color:#1e73be\" class=\"has-inline-color\">L&rsquo;archipel de Br\u00e9hat en Kayak de mer et en bivouac<\/span><\/a><\/strong>\u00a0\u00bb <mark style=\"background-color:rgba(0, 0, 0, 0)\" class=\"has-inline-color has-very-dark-gray-color\">(11\/12\/2020) (13&prime; 41&Prime;)<\/mark> :<br><mark style=\"background-color:rgba(0, 0, 0, 0)\" class=\"has-inline-color has-very-dark-gray-color\">Emission Littoral pr\u00e9sent\u00e9e par Marine Barn\u00e9rias, r\u00e9alisation Olivier Chasle (voir g\u00e9n\u00e9rique \u00e0 la fin de l&rsquo;\u00e9mission)<\/mark><br><br>\u00ab\u00a0<strong><a href=\"https:\/\/www.sauvetage.kayakalo.fr\/wp-content\/uploads\/2024\/03\/NorsaqVimeo.mp4\"><span style=\"color:#1e73be\" class=\"has-inline-color\">Construction de kayaks traditionnels &#8211; Norsaq<\/span><\/a><\/strong>\u00a0\u00bb <mark style=\"background-color:rgba(0, 0, 0, 0)\" class=\"has-inline-color has-very-dark-gray-color\">: extrait de l&rsquo;\u00e9mission Littoral de France 3 Bretagne \u00ab\u00a0Le VTT de la mer\u00a0\u00bb (26\/10\/2006) (14&prime; 10&Prime;) : r\u00e9alisateur Philippe Lucas, image Guy Lecointre.<\/mark><br><br><strong><a href=\"https:\/\/www.sauvetage.kayakalo.fr\/wp-content\/uploads\/2024\/07\/Rando_kayak_de_mer_Jean Marc_Josee_Eric.mp4\">\u00ab\u00a0Randonn\u00e9e en kayak de mer avec Jean-Marc, Jos\u00e9e et Eric\u00a0\u00bb<\/a><\/strong><mark style=\"background-color:rgba(0, 0, 0, 0)\" class=\"has-inline-color has-very-dark-gray-color\">: extrait de l&rsquo;\u00e9mission Littoral de France 3 Bretagne \u00ab\u00a0Le VTT de la mer\u00a0\u00bb (26\/10\/2006) (14&prime; 46&Prime;), r\u00e9alisateur Philippe Lucas, image Guy Lecointre.<\/mark><br><br><mark style=\"background-color:rgba(0, 0, 0, 0)\" class=\"has-inline-color has-very-dark-gray-color\">FRANCE 3 BRETAGNE &#8211; site de l&rsquo;\u00e9mission Littoral<\/mark><br>\u00ab\u00a0<a href=\"https:\/\/www.france.tv\/france-3\/bretagne\/littoral\/\"><span style=\"color:#1e73be\" class=\"has-inline-color\"><strong>Site de l&rsquo;\u00e9mission \u00ab\u00a0Littoral\u00a0\u00bb de France<\/strong> <strong>3 Bretagne\u00a0\u00bb<\/strong><\/span><\/a><\/p>\n","protected":false},"excerpt":{"rendered":"<p>\u00ab\u00a0L&rsquo;archipel de Br\u00e9hat en Kayak de mer et en bivouac\u00a0\u00bb (11\/12\/2020) (13&prime; 41&Prime;) :Emission Littoral pr\u00e9sent\u00e9e par Marine Barn\u00e9rias, r\u00e9alisation Olivier Chasle (voir g\u00e9n\u00e9rique \u00e0 la fin de l&rsquo;\u00e9mission) \u00ab\u00a0Construction de kayaks traditionnels &#8211; Norsaq\u00a0\u00bb : extrait de l&rsquo;\u00e9mission Littoral &hellip; <a href=\"https:\/\/www.sauvetage.kayakalo.fr\/index.php\/15-3-reportages-sur-la-randonnee-en-kayak-de-mer\/\">Lire la suite\u00ad\u00ad<\/a><\/p>\n","protected":false},"author":3,"featured_media":0,"parent":0,"menu_order":0,"comment_status":"closed","ping_status":"closed","template":"","meta":{"_kadence_starter_templates_imported_post":false,"footnotes":""},"class_list":["post-1917","page","type-page","status-publish","hentry"],"_links":{"self":[{"href":"https:\/\/www.sauvetage.kayakalo.fr\/index.php\/wp-json\/wp\/v2\/pages\/1917","targetHints":{"allow":["GET"]}}],"collection":[{"href":"https:\/\/www.sauvetage.kayakalo.fr\/index.php\/wp-json\/wp\/v2\/pages"}],"about":[{"href":"https:\/\/www.sauvetage.kayakalo.fr\/index.php\/wp-json\/wp\/v2\/types\/page"}],"author":[{"embeddable":true,"href":"https:\/\/www.sauvetage.kayakalo.fr\/index.php\/wp-json\/wp\/v2\/users\/3"}],"replies":[{"embeddable":true,"href":"https:\/\/www.sauvetage.kayakalo.fr\/index.php\/wp-json\/wp\/v2\/comments?post=1917"}],"version-history":[{"count":45,"href":"https:\/\/www.sauvetage.kayakalo.fr\/index.php\/wp-json\/wp\/v2\/pages\/1917\/revisions"}],"predecessor-version":[{"id":3333,"href":"https:\/\/www.sauvetage.kayakalo.fr\/index.php\/wp-json\/wp\/v2\/pages\/1917\/revisions\/3333"}],"wp:attachment":[{"href":"https:\/\/www.sauvetage.kayakalo.fr\/index.php\/wp-json\/wp\/v2\/media?parent=1917"}],"curies":[{"name":"wp","href":"https:\/\/api.w.org\/{rel}","templated":true}]}}