{"id":1661,"date":"2021-08-20T10:39:32","date_gmt":"2021-08-20T08:39:32","guid":{"rendered":"https:\/\/www.sauvetage.kayakalo.fr\/?page_id=1661"},"modified":"2021-12-08T17:59:57","modified_gmt":"2021-12-08T16:59:57","slug":"15-equipement-rando-pont-et-gilet","status":"publish","type":"page","link":"https:\/\/www.sauvetage.kayakalo.fr\/index.php\/15-equipement-rando-pont-et-gilet\/","title":{"rendered":"17-1 Equipement rando pont et gilet"},"content":{"rendered":"\n<div class=\"wp-block-columns is-layout-flex wp-container-core-columns-is-layout-9d6595d7 wp-block-columns-is-layout-flex\">\n<div class=\"wp-block-column is-layout-flow wp-block-column-is-layout-flow\">\n<h5 class=\"wp-block-heading\">Pont du kayak en randonn\u00e9e &#8211; \u00e9quipement du gilet<\/h5>\n\n\n\n<figure class=\"wp-block-video\"><video controls src=\"https:\/\/www.sauvetage.kayakalo.fr\/wp-content\/uploads\/2021\/08\/JMJ_pont-du-kayak-et-gilet.mp4\"><\/video><figcaption><sub>Kayak de mer : pont du kayak en randonn\u00e9e &#8211; \u00e9quipement du gilet<\/sub><\/figcaption><\/figure>\n\n\n\n<p>Balise de localisation personnelle \u00ab PLB \u00bb <a href=\"https:\/\/oceansignal.com\/products\/plb1\/\"><span style=\"color:#1e73be\" class=\"has-inline-color\">Ocean Signal<\/span><\/a> (Personal Location Beacon) .<br>\u00a0\u00bb Radiobalise de localisation des sinistres<br>Une radiobalise de localisation des sinistres ou RLS est un transmetteur qui \u00e9met un signal dans la bande de fr\u00e9quence 406 MHz en num\u00e9rique en cas de d\u00e9tresse, d&rsquo;urgence pour donner l&#8217;emplacement d&rsquo;un navire, d&rsquo;un avion ou d&rsquo;une personne en d\u00e9tresse. Ce signal est ensuite re\u00e7u par un ou des satellites du r\u00e9seau Cospas-Sarsat et GEOSAR qui d\u00e9terminent la localisation et transmettent les coordonn\u00e9es au bureau de recherche le plus proche.\u00a0\u00bb (<a href=\"https:\/\/fr.wikipedia.org\/wiki\/Radiobalise_de_localisation_des_sinistres\"><span style=\"color:#1e73be\" class=\"has-inline-color\">Radiobalise de localisation des sinistres &#8211; Wikip\u00e9dia<\/span><\/a>)<\/p>\n<\/div>\n\n\n\n<div class=\"wp-block-column is-layout-flow wp-block-column-is-layout-flow\"><\/div>\n<\/div>\n","protected":false},"excerpt":{"rendered":"<p>Pont du kayak en randonn\u00e9e &#8211; \u00e9quipement du gilet Balise de localisation personnelle \u00ab PLB \u00bb Ocean Signal (Personal Location Beacon) .\u00a0\u00bb Radiobalise de localisation des sinistresUne radiobalise de localisation des sinistres ou RLS est un transmetteur qui \u00e9met un &hellip; <a href=\"https:\/\/www.sauvetage.kayakalo.fr\/index.php\/15-equipement-rando-pont-et-gilet\/\">Lire la suite\u00ad\u00ad<\/a><\/p>\n","protected":false},"author":3,"featured_media":0,"parent":0,"menu_order":0,"comment_status":"closed","ping_status":"closed","template":"","meta":{"_kadence_starter_templates_imported_post":false,"footnotes":""},"class_list":["post-1661","page","type-page","status-publish","hentry"],"_links":{"self":[{"href":"https:\/\/www.sauvetage.kayakalo.fr\/index.php\/wp-json\/wp\/v2\/pages\/1661","targetHints":{"allow":["GET"]}}],"collection":[{"href":"https:\/\/www.sauvetage.kayakalo.fr\/index.php\/wp-json\/wp\/v2\/pages"}],"about":[{"href":"https:\/\/www.sauvetage.kayakalo.fr\/index.php\/wp-json\/wp\/v2\/types\/page"}],"author":[{"embeddable":true,"href":"https:\/\/www.sauvetage.kayakalo.fr\/index.php\/wp-json\/wp\/v2\/users\/3"}],"replies":[{"embeddable":true,"href":"https:\/\/www.sauvetage.kayakalo.fr\/index.php\/wp-json\/wp\/v2\/comments?post=1661"}],"version-history":[{"count":12,"href":"https:\/\/www.sauvetage.kayakalo.fr\/index.php\/wp-json\/wp\/v2\/pages\/1661\/revisions"}],"predecessor-version":[{"id":2175,"href":"https:\/\/www.sauvetage.kayakalo.fr\/index.php\/wp-json\/wp\/v2\/pages\/1661\/revisions\/2175"}],"wp:attachment":[{"href":"https:\/\/www.sauvetage.kayakalo.fr\/index.php\/wp-json\/wp\/v2\/media?parent=1661"}],"curies":[{"name":"wp","href":"https:\/\/api.w.org\/{rel}","templated":true}]}}