{"id":1609,"date":"2021-08-17T15:49:18","date_gmt":"2021-08-17T13:49:18","guid":{"rendered":"https:\/\/www.sauvetage.kayakalo.fr\/?page_id=1609"},"modified":"2023-12-26T11:00:55","modified_gmt":"2023-12-26T10:00:55","slug":"19-pagaie-et-kayak-traditionnels","status":"publish","type":"page","link":"https:\/\/www.sauvetage.kayakalo.fr\/index.php\/19-pagaie-et-kayak-traditionnels\/","title":{"rendered":"22 &#8211; Pagaie et kayak traditionnels"},"content":{"rendered":"\n<div class=\"wp-block-columns is-layout-flex wp-container-core-columns-is-layout-9d6595d7 wp-block-columns-is-layout-flex\">\n<div class=\"wp-block-column is-layout-flow wp-block-column-is-layout-flow\">\n<h5 class=\"wp-block-heading\">Pagaie traditionnelle &#8211; pagaie europ\u00e9enne<\/h5>\n\n\n\n<figure class=\"wp-block-video\"><video controls src=\"https:\/\/www.sauvetage.kayakalo.fr\/wp-content\/uploads\/2021\/08\/CC_01_pagaie-trad-pagaie-europeenne.mp4\"><\/video><figcaption><sub>Kayak de mer : pagaie traditionnelle &#8211; pagaie europ\u00e9enne (sauvetage.kayakalo.fr)<\/sub><\/figcaption><\/figure>\n\n\n\n<h5 class=\"wp-block-heading\">Pagaie groenlandaise &#8211; confort d&rsquo;utilisation<\/h5>\n\n\n\n<figure class=\"wp-block-video\"><video controls src=\"https:\/\/www.sauvetage.kayakalo.fr\/wp-content\/uploads\/2021\/08\/CC_03_pagaie-groenlandaise_confort-utilisation.mp4\"><\/video><figcaption><sub>Kayak de mer : pagaie groenlandaise confort d&rsquo;utilisation (sauvetage.kayakalo.fr)<\/sub><\/figcaption><\/figure>\n\n\n\n<h5 class=\"wp-block-heading\">Kayak traditionnel &#8211; chaussette<\/h5>\n\n\n\n<figure class=\"wp-block-video\"><video controls src=\"https:\/\/www.sauvetage.kayakalo.fr\/wp-content\/uploads\/2021\/08\/CC_05_kayak-trad-chaussette.mp4\"><\/video><figcaption><sub>Kayak de mer : kayak traditionnel &#8211; chaussette (sauvetage.kayakalo.fr)<\/sub><\/figcaption><\/figure>\n\n\n\n<h5 class=\"wp-block-heading\">Tuilik 2 &#8211; anorak\/jupe<\/h5>\n\n\n\n<figure class=\"wp-block-video\"><video controls src=\"https:\/\/www.sauvetage.kayakalo.fr\/wp-content\/uploads\/2021\/08\/CC_07_tuilik-2.mp4\"><\/video><figcaption><sub>Kayak de mer : tuilik 2 &#8211; anorak\/jupe (sauvetage.kayakalo.fr)<\/sub><\/figcaption><\/figure>\n<\/div>\n\n\n\n<div class=\"wp-block-column is-layout-flow wp-block-column-is-layout-flow\">\n<h5 class=\"wp-block-heading\">Avantages pagaie groenlandaise<\/h5>\n\n\n\n<figure class=\"wp-block-video\"><video controls src=\"https:\/\/www.sauvetage.kayakalo.fr\/wp-content\/uploads\/2021\/08\/CC_02_avantages-pagaie-groenlandaise.mp4\"><\/video><figcaption><sub>Kayak de mer : avantages pagaie groenlandaise (sauvetage.kayakalo.fr)<\/sub><\/figcaption><\/figure>\n\n\n\n<h5 class=\"wp-block-heading\">Kayak traditionnel &#8211; sac de pointe<\/h5>\n\n\n\n<figure class=\"wp-block-video\"><video controls src=\"https:\/\/www.sauvetage.kayakalo.fr\/wp-content\/uploads\/2021\/08\/CC_04_kayak-trad-sac-de-pointe.mp4\"><\/video><figcaption><sub>Kayak de mer : kayak traditionnel sac de pointe (sauvetage.kayakalo.fr)<\/sub><\/figcaption><\/figure>\n\n\n\n<h5 class=\"wp-block-heading\">Tuilik 1 &#8211; anorak\/jupe<\/h5>\n\n\n\n<figure class=\"wp-block-video\"><video controls src=\"https:\/\/www.sauvetage.kayakalo.fr\/wp-content\/uploads\/2021\/08\/CC_06_tuilik-1.mp4\"><\/video><figcaption><sub>Kayak de mer : tuilik 1 &#8211; anorak\/jupe (sauvetage.kayakalo.fr)<\/sub><\/figcaption><\/figure>\n\n\n\n<div style=\"height:36px\" aria-hidden=\"true\" class=\"wp-block-spacer\"><\/div>\n\n\n\n<h5 class=\"wp-block-heading\">Le kayak de ces vid\u00e9os est une baidarka (kayak al\u00e9oute) fabriqu\u00e9e par Christophe en ao\u00fbt 2021.<\/h5>\n\n\n\n<h5 class=\"wp-block-heading\"><a href=\"https:\/\/norsaq.jimdofree.com\/\"><span style=\"color:#1e73be\" class=\"has-inline-color\"><strong>NORSAQ<\/strong><\/span> <\/a>se d\u00e9die \u00e0 la pratique et \u00e0 la construction de&nbsp; kayaks traditionnels, inspir\u00e9s des kayaks construits du monde arctique, et organise des stages de construction et des rencontres.&nbsp;<\/h5>\n\n\n\n<h5 class=\"wp-block-heading\">Livre : <a href=\"https:\/\/www.canotier.com\/fr\/construire-et-utiliser-les-kayaks-de-l-arctique\"><span style=\"color:#1e73be\" class=\"has-inline-color\">Construire et utiliser les kayaks de l\u2019Arctique<\/span><\/a><\/h5>\n\n\n\n<h5 class=\"wp-block-heading\">A voir aussi \u00ab\u00a0<a href=\"https:\/\/www.artisanart.com\/fr\/figures-de-bois\"><span style=\"color:#1e73be\" class=\"has-inline-color\">Figures de bois<\/span><\/a>\u00a0\u00bb \u00e9b\u00e9niste &#8211; cr\u00e9ateur mobilier.<br>\u00ab\u00a0<a href=\"https:\/\/wecandoo.fr\/artisan\/cotes-d-armor-ebeniste-christophe#associated-workshops\"><span style=\"color:#1e73be\" class=\"has-inline-color\">Wecandoo &#8211; Christophe Claeys<\/span><\/a>\u00a0\u00bb .<\/h5>\n<\/div>\n<\/div>\n","protected":false},"excerpt":{"rendered":"<p>Pagaie traditionnelle &#8211; pagaie europ\u00e9enne Pagaie groenlandaise &#8211; confort d&rsquo;utilisation Kayak traditionnel &#8211; chaussette Tuilik 2 &#8211; anorak\/jupe Avantages pagaie groenlandaise Kayak traditionnel &#8211; sac de pointe Tuilik 1 &#8211; anorak\/jupe Le kayak de ces vid\u00e9os est une baidarka (kayak &hellip; <a href=\"https:\/\/www.sauvetage.kayakalo.fr\/index.php\/19-pagaie-et-kayak-traditionnels\/\">Lire la suite\u00ad\u00ad<\/a><\/p>\n","protected":false},"author":3,"featured_media":0,"parent":0,"menu_order":0,"comment_status":"closed","ping_status":"closed","template":"","meta":{"_kadence_starter_templates_imported_post":false,"footnotes":""},"class_list":["post-1609","page","type-page","status-publish","hentry"],"_links":{"self":[{"href":"https:\/\/www.sauvetage.kayakalo.fr\/index.php\/wp-json\/wp\/v2\/pages\/1609","targetHints":{"allow":["GET"]}}],"collection":[{"href":"https:\/\/www.sauvetage.kayakalo.fr\/index.php\/wp-json\/wp\/v2\/pages"}],"about":[{"href":"https:\/\/www.sauvetage.kayakalo.fr\/index.php\/wp-json\/wp\/v2\/types\/page"}],"author":[{"embeddable":true,"href":"https:\/\/www.sauvetage.kayakalo.fr\/index.php\/wp-json\/wp\/v2\/users\/3"}],"replies":[{"embeddable":true,"href":"https:\/\/www.sauvetage.kayakalo.fr\/index.php\/wp-json\/wp\/v2\/comments?post=1609"}],"version-history":[{"count":27,"href":"https:\/\/www.sauvetage.kayakalo.fr\/index.php\/wp-json\/wp\/v2\/pages\/1609\/revisions"}],"predecessor-version":[{"id":3145,"href":"https:\/\/www.sauvetage.kayakalo.fr\/index.php\/wp-json\/wp\/v2\/pages\/1609\/revisions\/3145"}],"wp:attachment":[{"href":"https:\/\/www.sauvetage.kayakalo.fr\/index.php\/wp-json\/wp\/v2\/media?parent=1609"}],"curies":[{"name":"wp","href":"https:\/\/api.w.org\/{rel}","templated":true}]}}