{"id":1607,"date":"2021-08-17T15:37:23","date_gmt":"2021-08-17T13:37:23","guid":{"rendered":"https:\/\/www.sauvetage.kayakalo.fr\/?page_id=1607"},"modified":"2021-12-08T17:55:33","modified_gmt":"2021-12-08T16:55:33","slug":"14-habillement","status":"publish","type":"page","link":"https:\/\/www.sauvetage.kayakalo.fr\/index.php\/14-habillement\/","title":{"rendered":"16 &#8211; Habillement"},"content":{"rendered":"\n<div class=\"wp-block-columns is-layout-flex wp-container-core-columns-is-layout-9d6595d7 wp-block-columns-is-layout-flex\">\n<div class=\"wp-block-column is-layout-flow wp-block-column-is-layout-flow\">\n<h5 class=\"wp-block-heading\">Habillement &#8211; pr\u00e9sentation<\/h5>\n\n\n\n<figure class=\"wp-block-video\"><video controls src=\"https:\/\/www.sauvetage.kayakalo.fr\/wp-content\/uploads\/2021\/08\/JD_01_habillement_presentation.mp4\"><\/video><figcaption><sup>Kayak de mer : habillement &#8211; pr\u00e9sentation<\/sup><\/figcaption><\/figure>\n\n\n\n<h5 class=\"wp-block-heading\">Habillement par temps froid<\/h5>\n\n\n\n<figure class=\"wp-block-video\"><video controls src=\"https:\/\/www.sauvetage.kayakalo.fr\/wp-content\/uploads\/2021\/08\/JD_03_habillement-par-temps-froid.mp4\"><\/video><figcaption><sup>Kayak de mer : habillement par temps froid<\/sup><\/figcaption><\/figure>\n<\/div>\n\n\n\n<div class=\"wp-block-column is-layout-flow wp-block-column-is-layout-flow\">\n<h5 class=\"wp-block-heading\">Habillement par temps chaud<\/h5>\n\n\n\n<figure class=\"wp-block-video\"><video controls src=\"https:\/\/www.sauvetage.kayakalo.fr\/wp-content\/uploads\/2021\/08\/JD_02-habillement-par-temps-chaud.mp4\"><\/video><figcaption><sup>Kayak de mer : habillement par temps chaud<\/sup><\/figcaption><\/figure>\n\n\n\n<h5 class=\"wp-block-heading\">Habillement eau froide &#8211; n\u00e9opr\u00e8ne<\/h5>\n\n\n\n<figure class=\"wp-block-video\"><video controls src=\"https:\/\/www.sauvetage.kayakalo.fr\/wp-content\/uploads\/2021\/08\/JD_04_habillement-eau-froide-neoprene.mp4\"><\/video><figcaption><sup>Kayak de mer : habillement eau froide &#8211; n\u00e9opr\u00e8ne<\/sup><\/figcaption><\/figure>\n<\/div>\n<\/div>\n","protected":false},"excerpt":{"rendered":"<p>Habillement &#8211; pr\u00e9sentation Habillement par temps froid Habillement par temps chaud Habillement eau froide &#8211; n\u00e9opr\u00e8ne<\/p>\n","protected":false},"author":3,"featured_media":0,"parent":0,"menu_order":0,"comment_status":"closed","ping_status":"closed","template":"","meta":{"_kadence_starter_templates_imported_post":false,"footnotes":""},"class_list":["post-1607","page","type-page","status-publish","hentry"],"_links":{"self":[{"href":"https:\/\/www.sauvetage.kayakalo.fr\/index.php\/wp-json\/wp\/v2\/pages\/1607","targetHints":{"allow":["GET"]}}],"collection":[{"href":"https:\/\/www.sauvetage.kayakalo.fr\/index.php\/wp-json\/wp\/v2\/pages"}],"about":[{"href":"https:\/\/www.sauvetage.kayakalo.fr\/index.php\/wp-json\/wp\/v2\/types\/page"}],"author":[{"embeddable":true,"href":"https:\/\/www.sauvetage.kayakalo.fr\/index.php\/wp-json\/wp\/v2\/users\/3"}],"replies":[{"embeddable":true,"href":"https:\/\/www.sauvetage.kayakalo.fr\/index.php\/wp-json\/wp\/v2\/comments?post=1607"}],"version-history":[{"count":6,"href":"https:\/\/www.sauvetage.kayakalo.fr\/index.php\/wp-json\/wp\/v2\/pages\/1607\/revisions"}],"predecessor-version":[{"id":2173,"href":"https:\/\/www.sauvetage.kayakalo.fr\/index.php\/wp-json\/wp\/v2\/pages\/1607\/revisions\/2173"}],"wp:attachment":[{"href":"https:\/\/www.sauvetage.kayakalo.fr\/index.php\/wp-json\/wp\/v2\/media?parent=1607"}],"curies":[{"name":"wp","href":"https:\/\/api.w.org\/{rel}","templated":true}]}}