{"id":1563,"date":"2021-06-30T18:19:47","date_gmt":"2021-06-30T16:19:47","guid":{"rendered":"https:\/\/www.sauvetage.kayakalo.fr\/?page_id=1563"},"modified":"2025-05-27T22:18:51","modified_gmt":"2025-05-27T20:18:51","slug":"autres-sites","status":"publish","type":"page","link":"https:\/\/www.sauvetage.kayakalo.fr\/index.php\/autres-sites\/","title":{"rendered":"Autres sites"},"content":{"rendered":"\n<h5 class=\"wp-block-heading\">Sites, forums et blogs qui ont diffus\u00e9 l&rsquo;info de l&rsquo;existence de ce site \u00ab\u00a0<strong><span style=\"color:#575757\" class=\"has-inline-color\"><em>S\u00e9curit\u00e9 et sauvetage en kayak de mer<\/em><\/span><\/strong>\u00ab\u00a0, et\/ou qui ont propos\u00e9 des commentaires constructifs, et\/ou structures qui ont apport\u00e9 leur aide :<br><br><a href=\"https:\/\/tidemap.fr\/\"><span style=\"color:#1e73be\" class=\"has-inline-color\"><strong>TideMap<\/strong><\/span><\/a> : TideMap : est une animation ludique (payante) pour visualiser les mar\u00e9es, de Patrick Dubois, architecte naval.<br>En promenant sa souris sur la carte, on obtient instantan\u00e9ment la hauteur d\u2019eau disponible.<br>La nouvelle version de TideMap est en ligne depuis le 18 mai 2025.<br>Pour tenir compte des tarifs du SHOM l\u2019abonnement valable pour une ann\u00e9e calendaire est port\u00e9 \u00e0 30 Euros \u00e0 partir de cette date.<br>Cet abonnement donne acc\u00e8s \u00e0 toutes les cartes du littoral breton \u00e9dit\u00e9es \u00e0 ce jour.<br>Plus d&rsquo;infos ici :<br><a href=\"https:\/\/www.sauvetage.kayakalo.fr\/index.php\/27-tidemap-animation-ludique\/\"><mark style=\"background-color:rgba(0, 0, 0, 0);color:#1e73be\" class=\"has-inline-color\">https:\/\/www.sauvetage.kayakalo.fr\/index.php\/27-tidemap-animation-ludique\/<\/mark><\/a><br><br><span style=\"color:#ff6600\" class=\"has-inline-color\">TideMap est partenaire de<\/span> <a href=\"https:\/\/www.kayakalo.fr\/\"><span style=\"color:#1e73be\" class=\"has-inline-color\"><strong>kayakalo.fr<\/strong><\/span><\/a><br><br><a href=\"https:\/\/ckmer.org\/\"><strong><span style=\"color:#1e73be\" class=\"has-inline-color\">CK\/mer \u2013 le lien de tous ceux qui pagaient en eau sal\u00e9e<\/span><\/strong><\/a><br>Mosa\u00efque d\u2019individus, de structures, de projets, a un fonctionnement en r\u00e9seau et permet \u00e0 des kayakistes de tous horizons et de diverses pratiques d\u2019\u00e9changer.<br>CK\/mer, c&rsquo;est aussi des symposiums, des rencontres et des formations.<br><br><a href=\"https:\/\/www.pagayeursmarins.org\/\"><span style=\"color:#1e73be\" class=\"has-inline-color\">Pagayeurs Marins<\/span><\/a> (F\u00e9d\u00e9ration de la Plaisance en Kayak de Mer)<\/h5>\n\n\n\n<h5 class=\"wp-block-heading\">Cano\u00eb Kayak et Sports de Pagaie, Comit\u00e9 \u00cele-de-France FFCK, Jo\u00ebl Dugay<br><a href=\"https:\/\/kayak-iledefrance.fr\/pratiquer\/licencies-loisir-mer\/\"><span style=\"color:#1e73be\" class=\"has-inline-color\">https:\/\/kayak-iledefrance.fr\/pratiquer\/licencies-loisir-mer\/<\/span><\/a><br><a href=\"https:\/\/kayak-iledefrance.fr\/\"><span style=\"color:#1e73be\" class=\"has-inline-color\">https:\/\/kayak-iledefrance.fr\/<\/span><\/a><\/h5>\n\n\n\n<h5 class=\"wp-block-heading\"><a href=\"https:\/\/norsaq.jimdofree.com\/\"><span style=\"color:#1e73be\" class=\"has-inline-color\">NORSAQ<\/span><\/a> se d\u00e9die \u00e0 la pratique et \u00e0 la construction de kayaks traditionnels, inspir\u00e9s des kayaks construits du monde arctique, et organise des stages de construction et des rencontres.<br>Livre : <a href=\"https:\/\/www.canotier.com\/fr\/construire-et-utiliser-les-kayaks-de-l-arctique\"><span style=\"color:#1e73be\" class=\"has-inline-color\">Construire et utiliser les kayaks de l\u2019Arctique<\/span><\/a><br>A voir aussi \u00ab <a href=\"https:\/\/www.artisanart.com\/fr\/figures-de-bois\"><span style=\"color:#1e73be\" class=\"has-inline-color\">figures de Bois<\/span><\/a> \u00bb \u00e9b\u00e9niste \u2013 cr\u00e9ateur mobilier.<\/h5>\n\n\n\n<h5 class=\"wp-block-heading\"><a href=\"https:\/\/www.caminokayak.com\/\"><strong><span style=\"color:#1e73be\" class=\"has-inline-color\">Caminokayak<\/span><\/strong><\/a> &#8211; Vincent Achard, Kerouriec &#8211; 56270 Ploemeur (06 63 04 56 47)<\/h5>\n\n\n\n<h5 class=\"wp-block-heading\"><a href=\"https:\/\/alpinepaddle.com\/\"><strong><span style=\"color:#1e73be\" class=\"has-inline-color\">Alpine Paddle<\/span><\/strong><\/a>, ou l\u2019art de la pagaie en bois &#8211; Yannick Sevi<\/h5>\n\n\n\n<h5 class=\"wp-block-heading\"><strong><a href=\"http:\/\/www.randonnees-kayak.fr\/\"><span style=\"color:#1e73be\" class=\"has-inline-color\">randonnees-kayak.fr<\/span><\/a><\/strong> : Pascal Jouneau<\/h5>\n\n\n\n<h5 class=\"wp-block-heading\"><a href=\"https:\/\/www.expemag.com\/forum\/view\/588efbdfe4b0ec6bb7215dd9\"><strong><span style=\"color:#1e73be\" class=\"has-inline-color\">Carnets d&rsquo;Aventures &#8211; Voyager sur l&rsquo;eau<\/span><\/strong><\/a><\/h5>\n\n\n\n<h5 class=\"wp-block-heading\"><strong><a href=\"http:\/\/www.forum-kayak.fr\/\"><span style=\"color:#1e73be\" class=\"has-inline-color\">forum &#8211; kayak<\/span><\/a><\/strong><\/h5>\n\n\n\n<h5 class=\"wp-block-heading\"><a href=\"https:\/\/www.kayakistesdemer.org\/\"><strong><span style=\"color:#1e73be\" class=\"has-inline-color\">kayakistesdemer.org<\/span><\/strong><\/a><\/h5>\n\n\n\n<h5 class=\"wp-block-heading\"><a href=\"http:\/\/mercipourlekayak.fr\/liens\/\"><span style=\"color:#1e73be\" class=\"has-inline-color\"><strong>Merci pour le kayak !<\/strong><\/span><\/a> Blog du kayak de mer : Armelle et Laurent<\/h5>\n\n\n\n<h5 class=\"wp-block-heading\">Sylvie Delanoy : \u00ab\u00a0<a href=\"https:\/\/youtu.be\/tyQlhNnheUY\"><span style=\"color:#1e73be\" class=\"has-inline-color\">Entretien avec Guy Tonnerre<\/span><\/a>\u00a0\u00bb et \u00ab\u00a0<a href=\"https:\/\/www.groix-editions.com\/\"><span style=\"color:#1e73be\" class=\"has-inline-color\">Groix Editions<\/span><\/a> \u00bb .<\/h5>\n\n\n\n<h5 class=\"wp-block-heading\"><a href=\"https:\/\/videoclubcessonnais.wordpress.com\/\"><span style=\"color:#1e73be\" class=\"has-inline-color\">Video Club Cessonnais<\/span><\/a> 35510 Cesson-S\u00e9vign\u00e9 (Jean-Claude Simonney, Ren\u00e9 Durox, Daniel Reymond, Bernard Delorme,\u2026)<\/h5>\n\n\n\n<h5 class=\"wp-block-heading\">\u00ab\u00a0RandoCamping\u00a0\u00bb : un site qui regroupe en un endroit unique le maximum de donn\u00e9es susceptibles d&rsquo;aider le randonneur&#8230; terrestre (avant ou apr\u00e8s nos navigations, ou \u00e0 d&rsquo;autres moments, l&rsquo;info peut \u00eatre int\u00e9ressante).<br>\u00ab\u00a0A propos de RandoCamping\u00a0\u00bb : <a href=\"https:\/\/randocamping.touteslatitudes.fr\/a-propos\"><span style=\"color:#1e73be\" class=\"has-inline-color\">https:\/\/randocamping.touteslatitudes.fr\/a-propos<\/span><\/a><br>Un lieu exemplaire, aire de bivouac de Evran : <a href=\"https:\/\/randocamping.touteslatitudes.fr\/8124\"><span style=\"color:#1e73be\" class=\"has-inline-color\">https:\/\/randocamping.touteslatitudes.fr\/8124<\/span><\/a><\/h5>\n","protected":false},"excerpt":{"rendered":"<p>Sites, forums et blogs qui ont diffus\u00e9 l&rsquo;info de l&rsquo;existence de ce site \u00ab\u00a0S\u00e9curit\u00e9 et sauvetage en kayak de mer\u00ab\u00a0, et\/ou qui ont propos\u00e9 des commentaires constructifs, et\/ou structures qui ont apport\u00e9 leur aide : TideMap : TideMap : est &hellip; <a href=\"https:\/\/www.sauvetage.kayakalo.fr\/index.php\/autres-sites\/\">Lire la suite\u00ad\u00ad<\/a><\/p>\n","protected":false},"author":3,"featured_media":0,"parent":0,"menu_order":0,"comment_status":"closed","ping_status":"closed","template":"","meta":{"_kadence_starter_templates_imported_post":false,"footnotes":""},"class_list":["post-1563","page","type-page","status-publish","hentry"],"_links":{"self":[{"href":"https:\/\/www.sauvetage.kayakalo.fr\/index.php\/wp-json\/wp\/v2\/pages\/1563","targetHints":{"allow":["GET"]}}],"collection":[{"href":"https:\/\/www.sauvetage.kayakalo.fr\/index.php\/wp-json\/wp\/v2\/pages"}],"about":[{"href":"https:\/\/www.sauvetage.kayakalo.fr\/index.php\/wp-json\/wp\/v2\/types\/page"}],"author":[{"embeddable":true,"href":"https:\/\/www.sauvetage.kayakalo.fr\/index.php\/wp-json\/wp\/v2\/users\/3"}],"replies":[{"embeddable":true,"href":"https:\/\/www.sauvetage.kayakalo.fr\/index.php\/wp-json\/wp\/v2\/comments?post=1563"}],"version-history":[{"count":41,"href":"https:\/\/www.sauvetage.kayakalo.fr\/index.php\/wp-json\/wp\/v2\/pages\/1563\/revisions"}],"predecessor-version":[{"id":3426,"href":"https:\/\/www.sauvetage.kayakalo.fr\/index.php\/wp-json\/wp\/v2\/pages\/1563\/revisions\/3426"}],"wp:attachment":[{"href":"https:\/\/www.sauvetage.kayakalo.fr\/index.php\/wp-json\/wp\/v2\/media?parent=1563"}],"curies":[{"name":"wp","href":"https:\/\/api.w.org\/{rel}","templated":true}]}}