{"id":1415,"date":"2021-06-07T20:09:27","date_gmt":"2021-06-07T18:09:27","guid":{"rendered":"https:\/\/www.sauvetage.kayakalo.fr\/?page_id=1415"},"modified":"2023-09-30T17:01:12","modified_gmt":"2023-09-30T15:01:12","slug":"hypothermie-avancee","status":"publish","type":"page","link":"https:\/\/www.sauvetage.kayakalo.fr\/index.php\/hypothermie-avancee\/","title":{"rendered":"Hypothermie avanc\u00e9e"},"content":{"rendered":"\n<table id=\"tablepress-4\" class=\"tablepress tablepress-id-4\">\n<thead>\n<tr class=\"row-1\">\n\t<th class=\"column-1\">PHASE<\/th><th class=\"column-2\">Neuro.<\/th><th class=\"column-3\">Pneumo.<\/th><th class=\"column-4\">Cardio.<\/th><th class=\"column-5\">Muscle Peau<br \/>\n<\/th>\n<\/tr>\n<\/thead>\n<tbody class=\"row-striping row-hover\">\n<tr class=\"row-2\">\n\t<td class=\"column-1\">2. Phase d\u2019adynamie<\/td><td class=\"column-2\">- Confusion<br \/>\n- Perte de m\u00e9moire<br \/>\n- D\u00e9sorientation<br \/>\n<\/td><td class=\"column-3\">Respiration ralentie<\/td><td class=\"column-4\">Rythme cardiaque ralenti<\/td><td class=\"column-5\">31\u00b0C<br \/>\n- Disparition du frisson<br \/>\n- Rigidit\u00e9<br \/>\n- G\u00eane respiratoire<\/td>\n<\/tr>\n<\/tbody>\n<\/table>\n<!-- #tablepress-4 from cache -->\n\n\n\n<div class=\"wp-block-columns is-layout-flex wp-container-core-columns-is-layout-9d6595d7 wp-block-columns-is-layout-flex\">\n<div class=\"wp-block-column is-layout-flow wp-block-column-is-layout-flow\">\n<h5 class=\"wp-block-heading\">Hypothermie avanc\u00e9e &#8211; phase d&rsquo;adynamie<br>R\u00e9cup\u00e9ration<\/h5>\n\n\n\n<figure class=\"wp-block-video\"><video controls src=\"https:\/\/www.sauvetage.kayakalo.fr\/wp-content\/uploads\/2021\/06\/HY_hypothermie-avancee.mp4\"><\/video><figcaption><sub>Kayak de mer : hypothermie avanc\u00e9e &#8211; phase d&rsquo;adynamie<br>r\u00e9cup\u00e9ration (sauvetage.kayakalo.fr)<\/sub><\/figcaption><\/figure>\n\n\n\n<h5 class=\"wp-block-heading\">Hypothermie avanc\u00e9e : r\u00e9cup\u00e9ration d&rsquo;un secouru par 2 kayakistes pagayant en radeau d\u00e9cal\u00e9<\/h5>\n\n\n\n<figure class=\"wp-block-video\"><video controls src=\"https:\/\/www.sauvetage.kayakalo.fr\/wp-content\/uploads\/2021\/10\/S8_transport-secouru-2-kayakistes-pagayant-3.mp4\"><\/video><figcaption><sub>Kayak de mer : hypothermie avanc\u00e9e &#8211; r\u00e9cup\u00e9ration d&rsquo;un secouru par 2 kayakistes pagayant en radeau d\u00e9cal\u00e9 (sauvetage.kayakalo.fr)<\/sub><\/figcaption><\/figure>\n\n\n\n<div style=\"height:22px\" aria-hidden=\"true\" class=\"wp-block-spacer\"><\/div>\n\n\n\n<ul class=\"wp-block-list\"><li><strong>Bien couvrir la t\u00eate, 40 % de la d\u00e9perdition calorique se fait par la t\u00eate et le cou<\/strong><\/li><li><strong><span style=\"color:#00690c\" class=\"has-inline-color\">Le poncho de survie est plus facile \u00e0 utiliser et plus efficace que la couverture de survie (\u00ab\u00a0SOL Survive Outdoors Longer\u00a0\u00bb). <\/span>Le sac de survie, plus difficile \u00e0 enfiler, est aussi une bonne solution.<\/strong><\/li><li><strong>Position lat\u00e9rale de s\u00e9curit\u00e9<\/strong><\/li><li><strong>SUIVANT GRAVITE&nbsp;: APPELER LES SECOURS (Fus\u00e9es, VHF, \u00e0 d\u00e9faut t\u00e9l. portable)<\/strong><br><strong>(<\/strong><span style=\"color:#ff6600\" class=\"has-inline-color\"><strong>en attendant l&rsquo;arriv\u00e9e des secours, votre interlocuteur du CROSS, ou autre, peut vous mettre en relation avec un m\u00e9decin pour vous conseiller<\/strong><\/span><strong>)<\/strong><\/li><li><strong>Aller \u00e0 terre rapidement<\/strong><\/li><li><strong>Changer le secouru<\/strong><\/li><li><strong>NE PAS FRICTIONNER&nbsp;: DANGER<\/strong><\/li><li><strong>Ne pas donner \u00e0 boire<\/strong><\/li><li><strong>Le laisser se r\u00e9chauffer en douceur dans un endroit prot\u00e9g\u00e9 du vent et du froid <\/strong><\/li><li><strong>Entourer et garder au chaud le naufrag\u00e9 <\/strong><\/li><li><strong>Lui parler, le rassurer<\/strong><\/li><\/ul>\n<\/div>\n\n\n\n<div class=\"wp-block-column is-layout-flow wp-block-column-is-layout-flow\">\n<h5 class=\"wp-block-heading\">Hypothermie avanc\u00e9e <br>D\u00e9barquement<\/h5>\n\n\n\n<figure class=\"wp-block-video\"><video controls src=\"https:\/\/www.sauvetage.kayakalo.fr\/wp-content\/uploads\/2021\/06\/HY_hypo-avancee_debarquement.mp4\"><\/video><figcaption><sub>Kayak de mer : hypothermie avanc\u00e9e &#8211; d\u00e9barquement (sauvetage.kayakalo.fr)<\/sub><\/figcaption><\/figure>\n\n\n\n<h5 class=\"wp-block-heading\"><strong>Portage d&rsquo;un secouru : 3 solutions<\/strong><br><strong>Une 4\u00e8me solution, non film\u00e9e : \u00ab\u00a0La b\u00e9quille humaine\u00a0\u00bb (1 ou2 sauveteurs)<br>Quand la victime peut marcher mais a besoin d&rsquo;aide, passer le bras de la victime autour de votre cou et saisir son poignet. Avec votre autre bras, lui tenir la taille.<\/strong> <\/h5>\n\n\n\n<figure class=\"wp-block-video\"><video controls src=\"https:\/\/www.sauvetage.kayakalo.fr\/wp-content\/uploads\/2023\/09\/PO_13d_portage-secouru.mp4\"><\/video><figcaption>Kayak de mer : portage d&rsquo;un secouru (sauvetage.kayakalo.fr)<\/figcaption><\/figure>\n<\/div>\n<\/div>\n\n\n\n<h4 class=\"wp-block-heading\"> <strong>Plus d&rsquo;infos :<\/strong>  <strong><a href=\"https:\/\/moodle.formadis.org\/pluginfile.php\/1920\/mod_resource\/content\/2\/fiche_psm_snsm_2018.pdf\"><span style=\"color:#1e73be\" class=\"has-inline-color\">Fiche PSM Hypothermie (page 5) &#8211; Document \u00e0 t\u00e9l\u00e9charger<\/span><\/a><\/strong>  <\/h4>\n\n\n\n<h4 class=\"wp-block-heading\"> <strong>Plus d&rsquo;infos : \u00ab\u00a0<a href=\"https:\/\/www.quebec.ca\/sante\/problemes-de-sante\/a-z\/hypothermie\"><span style=\"color:#1e73be\" class=\"has-inline-color\">Hypothermie | Gouvernement du Qu\u00e9bec<\/span><\/a> <\/strong>\u00bb <\/h4>\n\n\n\n<h4 class=\"wp-block-heading\"> <strong>Proc\u00e9dures radio VHF<\/strong> : <a href=\"https:\/\/www.sauvetage.kayakalo.fr\/index.php\/1975-2\/\"><span style=\"color:#1e73be\" class=\"has-inline-color\"><strong>VHF : utilisation du canal 16<\/strong><\/span><\/a><\/h4>\n\n\n\n<h4 class=\"wp-block-heading\"><strong><a href=\"https:\/\/www.snsm.org\/conseils\/conseils-navigation\/comment-alerter-les-secours-en-mer#:~:text=Comment%20alerter%20les%20secours%20en%20cas%20de%20d%C3%A9tresse%20en%20mer,portable%20en%20composant%20le%20196.\"><span style=\"color:#1e73be\" class=\"has-inline-color\">SNSM &#8211; Comment alerter les secours en cas de d\u00e9tresse en mer ?<\/span><\/a><br>Prioritairement par VHF canal 16 ou \u00e0 d\u00e9faut par t\u00e9l\u00e9phone portable en composant le 196.<\/strong><\/h4>\n\n\n\n<h4 class=\"wp-block-heading\"><a href=\"https:\/\/www.snsm.org\/sites\/default\/files\/2022-06\/snsm-formation-hypothermie.pdf\" data-type=\"URL\" data-id=\"https:\/\/www.snsm.org\/sites\/default\/files\/2022-06\/snsm-formation-hypothermie.pdf\"><span style=\"color:#1e73be\" class=\"has-inline-color\">SNSM : Conduite \u00e0 tenir face \u00e0 une hypothermie<\/span><\/a> <\/h4>\n\n\n\n<div data-wp-interactive=\"core\/file\" class=\"wp-block-file\"><object data-wp-bind--hidden=\"!state.hasPdfPreview\" hidden class=\"wp-block-file__embed\" data=\"https:\/\/www.sauvetage.kayakalo.fr\/wp-content\/uploads\/2023\/03\/03_SNSM_formation_HYPOTHERMIE-2.pdf\" type=\"application\/pdf\" style=\"width:100%;height:600px\" aria-label=\"Contenu embarqu\u00e9 Contenu embarqu\u00e9 03_SNSM_formation_HYPOTHERMIE-2..\"><\/object><a href=\"https:\/\/www.sauvetage.kayakalo.fr\/wp-content\/uploads\/2023\/03\/03_SNSM_formation_HYPOTHERMIE-2.pdf\">03_SNSM_formation_HYPOTHERMIE-2<\/a><a href=\"https:\/\/www.sauvetage.kayakalo.fr\/wp-content\/uploads\/2023\/03\/03_SNSM_formation_HYPOTHERMIE-2.pdf\" class=\"wp-block-file__button\" download>T\u00e9l\u00e9charger<\/a><\/div>\n","protected":false},"excerpt":{"rendered":"<p>Hypothermie avanc\u00e9e &#8211; phase d&rsquo;adynamieR\u00e9cup\u00e9ration Hypothermie avanc\u00e9e : r\u00e9cup\u00e9ration d&rsquo;un secouru par 2 kayakistes pagayant en radeau d\u00e9cal\u00e9 Bien couvrir la t\u00eate, 40 % de la d\u00e9perdition calorique se fait par la t\u00eate et le cou Le poncho de survie &hellip; <a href=\"https:\/\/www.sauvetage.kayakalo.fr\/index.php\/hypothermie-avancee\/\">Lire la suite\u00ad\u00ad<\/a><\/p>\n","protected":false},"author":3,"featured_media":0,"parent":0,"menu_order":0,"comment_status":"closed","ping_status":"closed","template":"","meta":{"_kadence_starter_templates_imported_post":false,"footnotes":""},"class_list":["post-1415","page","type-page","status-publish","hentry"],"_links":{"self":[{"href":"https:\/\/www.sauvetage.kayakalo.fr\/index.php\/wp-json\/wp\/v2\/pages\/1415","targetHints":{"allow":["GET"]}}],"collection":[{"href":"https:\/\/www.sauvetage.kayakalo.fr\/index.php\/wp-json\/wp\/v2\/pages"}],"about":[{"href":"https:\/\/www.sauvetage.kayakalo.fr\/index.php\/wp-json\/wp\/v2\/types\/page"}],"author":[{"embeddable":true,"href":"https:\/\/www.sauvetage.kayakalo.fr\/index.php\/wp-json\/wp\/v2\/users\/3"}],"replies":[{"embeddable":true,"href":"https:\/\/www.sauvetage.kayakalo.fr\/index.php\/wp-json\/wp\/v2\/comments?post=1415"}],"version-history":[{"count":51,"href":"https:\/\/www.sauvetage.kayakalo.fr\/index.php\/wp-json\/wp\/v2\/pages\/1415\/revisions"}],"predecessor-version":[{"id":2974,"href":"https:\/\/www.sauvetage.kayakalo.fr\/index.php\/wp-json\/wp\/v2\/pages\/1415\/revisions\/2974"}],"wp:attachment":[{"href":"https:\/\/www.sauvetage.kayakalo.fr\/index.php\/wp-json\/wp\/v2\/media?parent=1415"}],"curies":[{"name":"wp","href":"https:\/\/api.w.org\/{rel}","templated":true}]}}