{"id":1362,"date":"2021-06-05T13:10:59","date_gmt":"2021-06-05T11:10:59","guid":{"rendered":"https:\/\/www.sauvetage.kayakalo.fr\/?page_id=1362"},"modified":"2023-10-25T17:57:32","modified_gmt":"2023-10-25T15:57:32","slug":"hypothermie-profonde","status":"publish","type":"page","link":"https:\/\/www.sauvetage.kayakalo.fr\/index.php\/hypothermie-profonde\/","title":{"rendered":"Hypothermie profonde"},"content":{"rendered":"\n<table id=\"tablepress-5\" class=\"tablepress tablepress-id-5\">\n<thead>\n<tr class=\"row-1\">\n\t<th class=\"column-1\">PHASE<\/th><th class=\"column-2\">Neuro.<br \/>\n<\/th><th class=\"column-3\">Pneumo.<\/th><th class=\"column-4\">Cardio.<\/th><th class=\"column-5\">Muscle Peau<br \/>\n<\/th>\n<\/tr>\n<\/thead>\n<tbody class=\"row-striping row-hover\">\n<tr class=\"row-2\">\n\t<td class=\"column-1\">3. Phase de torpeur<br \/>\n(perte de conscience)<\/td><td class=\"column-2\">- Coma<br \/>\n- Pupilles  dilat\u00e9es<\/td><td class=\"column-3\">Respiration faible<br \/>\nparfois arr\u00eat<\/td><td class=\"column-4\">Rythme cardiaque encore plus faible<\/td><td class=\"column-5\">T\u00b0 < 27\u00b0C<br \/>\nEncore plus de rigidit\u00e9<br \/>\nRefroidissement passif<\/td>\n<\/tr>\n<\/tbody>\n<\/table>\n<!-- #tablepress-5 from cache -->\n\n\n\n<div class=\"wp-block-columns is-layout-flex wp-container-core-columns-is-layout-9d6595d7 wp-block-columns-is-layout-flex\">\n<div class=\"wp-block-column is-layout-flow wp-block-column-is-layout-flow\">\n<h5 class=\"wp-block-heading\">Hypothermie  profonde &#8211; phase de torpeur<\/h5>\n\n\n\n<figure class=\"wp-block-video\"><video controls src=\"https:\/\/www.sauvetage.kayakalo.fr\/wp-content\/uploads\/2021\/06\/HY_hypothermie-profonde.mp4\"><\/video><figcaption><sub>Kayak de mer : hypothermie  profonde &#8211; phase de torpeur (sauvetage.kayakalo.fr)<\/sub><\/figcaption><\/figure>\n\n\n\n<p><strong><span style=\"color:#00690c\" class=\"has-inline-color\">Sortir une personne inanim\u00e9e de l&rsquo;eau, depuis un kayak de mer, est difficile, voire impossible suivant le gabarit de la victime, et l&rsquo;\u00e9tat de la mer. Le sauveteur n\u00b0 2 peut sortir de son hiloire et se mettre \u00e0 genoux, ou debout, pour augmenter sa puissance, si les conditions le permettent&#8230;<\/span><\/strong><\/p>\n\n\n\n<p><\/p>\n\n\n\n<ul class=\"wp-block-list\"><li><strong><strong><span style=\"color:#00690c\" class=\"has-inline-color\">Le poncho de survie est plus facile \u00e0 utiliser et plus efficace que la couverture de survie (\u00ab\u00a0SOL Survive Outdoors Longer\u00a0\u00bb). <\/span>Le sac de survie, plus difficile \u00e0 enfiler, est aussi une bonne solution.<\/strong><\/strong><\/li><li><strong>Bien couvrir la t\u00eate, 40 % de la d\u00e9perdition calorique se fait par la t\u00eate et le cou<\/strong><\/li><li><strong>APPELER LES SECOURS&nbsp;: pr\u00e9venir le CROSS par VHF (PAN PAN), canal 16 \u2013 ou avec un t\u00e9l. portable en faisant le 196 (<\/strong><span style=\"color:#ff6600\" class=\"has-inline-color\"><strong>en <span style=\"color:#ff6600\" class=\"has-inline-color\"><strong>attendant l&rsquo;arriv\u00e9e des secours, votre interlocuteur du CROSS, ou autre, peut vous mettre en relation avec un m\u00e9decin pour vous<\/strong><\/span> conseiller<\/strong><\/span><strong>) <\/strong> <\/li><li><strong>Aller rapidement \u00e0 terre<\/strong><\/li><li><strong>NE PAS FRICTIONNER&nbsp;: DANGER<\/strong><\/li><li><strong>PAS DE BOISSON<\/strong><\/li><li><strong>Monter une tente si possible ou trouver un endroit prot\u00e9g\u00e9 du vent<\/strong><\/li><li><strong>Prot\u00e9ger le naufrag\u00e9 du froid au maximum avec tente, duvet, couverture de survie et matelas<\/strong><\/li><li><strong>RECHAUFFER LE NAUFRAGE TRES DOUCEMENT SANS LE CHANGER, en s\u2019allongeant contre lui &#8211; OU &#8211; enlever tr\u00e8s d\u00e9licatement ses v\u00eatements humides ou mouill\u00e9s. Des manipulations brutales peuvent causer un arr\u00eat cardiaque ou une fibrillation ventriculaire du c\u0153ur.<\/strong> <\/li><li><strong>Surveiller en permanence le secouru et en particulier pouls, respiration, conscience, et \u00e9viter le plus possible de remuer le naufrag\u00e9<\/strong><\/li><\/ul>\n\n\n\n<h5 class=\"wp-block-heading\">Hypothermie profonde &#8211; r\u00e9cup\u00e9ration sur le champ (sur la tranche). M\u00e9thode pouvant \u00eatre utile pour une victime corpulente (\u00e0 tester dans diverses conditions). <\/h5>\n\n\n\n<figure class=\"wp-block-video\"><video controls src=\"https:\/\/www.sauvetage.kayakalo.fr\/wp-content\/uploads\/2023\/10\/PO_33_hypo-profonde_recup-sur-champ.mp4\"><\/video><figcaption><sub>Kayak de mer : Hypothermie profonde &#8211; r\u00e9cup\u00e9ration sur le champ (la tranche) (sauvetage.kayakalo.fr)<\/sub><\/figcaption><\/figure>\n\n\n\n<h5 class=\"wp-block-heading\">Hypothermie profonde &#8211; une victime SANS kayak : un sauveteur \u00ab\u00a0abandonne\u00a0\u00bb son kayak pour la victime. R\u00e9cup\u00e9ration sur le champ. Apr\u00e8s, le sauveteur-nageur monte sur le pont du kayak sauveteur n\u00b01.  M\u00e9thode pouvant \u00eatre utile pour une victime corpulente OU impossible \u00e0 remonter sur les ponts des kayaks (\u00e0 tester dans diverses conditions). <\/h5>\n\n\n\n<figure class=\"wp-block-video\"><video controls src=\"https:\/\/www.sauvetage.kayakalo.fr\/wp-content\/uploads\/2023\/10\/PO_34_hypo-profonde_v-sans-kayak_sur-champ.mp4\"><\/video><figcaption> <sub>Kayak de mer : Hypothermie profonde &#8211; r\u00e9cup\u00e9ration sur le champ d&rsquo;une victime sans kayak (sauvetage.kayakalo.fr)<\/sub> <\/figcaption><\/figure>\n<\/div>\n\n\n\n<div class=\"wp-block-column is-layout-flow wp-block-column-is-layout-flow\">\n<h5 class=\"wp-block-heading\">Hypothermie profonde d\u00e9barquement<\/h5>\n\n\n\n<figure class=\"wp-block-video\"><video controls src=\"https:\/\/www.sauvetage.kayakalo.fr\/wp-content\/uploads\/2021\/06\/HY_hypothermie-profonde_debarquement.mp4\"><\/video><figcaption><sub>Kayak de mer : hypothermie profonde d\u00e9barquement (sauvetage.kayakalo.fr)<\/sub><\/figcaption><\/figure>\n\n\n\n<h5 class=\"wp-block-heading\"><strong>Hypothermie profonde &#8211; phase de torpeur : le 2\u00e8me sauveteur sort de son hiloire pour hisser la victime<\/strong><br><strong>Avant de faire le remorquage,<\/strong> l<strong>e 3\u00e8me sauveteur peut venir en radeau pour assurer la stabilit\u00e9 de l&rsquo;ensemble<\/strong>. <strong>Ces gestes de secours ne sont possibles que si l&rsquo;\u00e9tat de la mer le permet !<\/strong> <\/h5>\n\n\n\n<figure class=\"wp-block-video\"><video controls src=\"https:\/\/www.sauvetage.kayakalo.fr\/wp-content\/uploads\/2023\/09\/PO_15_hypothermie-profonde_sortie-hiloire.mp4\"><\/video><figcaption>Kayak de mer : hypothermie profonde sortie d&rsquo;hiloire<\/figcaption><\/figure>\n\n\n\n<h5 class=\"wp-block-heading\"><strong>Portage d&rsquo;une victime : 3 solutions<\/strong><br><strong>Une 4\u00e8me solution, non film\u00e9e : \u00ab\u00a0La b\u00e9quille humaine\u00a0\u00bb (1 ou2 sauveteurs)<br>Quand la victime peut marcher mais a besoin d&rsquo;aide, passer le bras de la victime autour de votre cou et saisir son poignet. Avec votre autre bras, lui tenir la taille.<\/strong><\/h5>\n\n\n\n<figure class=\"wp-block-video\"><video controls src=\"https:\/\/www.sauvetage.kayakalo.fr\/wp-content\/uploads\/2023\/09\/PO_13d_portage-secouru.mp4\"><\/video><figcaption>Kayak de mer : portages d&rsquo;une victime (sauvetage.kayakalo.fr)<\/figcaption><\/figure>\n<\/div>\n<\/div>\n\n\n\n<h4 class=\"wp-block-heading\"><strong>Plus d&rsquo;infos :<\/strong>  <strong><a href=\"https:\/\/moodle.formadis.org\/pluginfile.php\/1920\/mod_resource\/content\/2\/fiche_psm_snsm_2018.pdf\"><span style=\"color:#1e73be\" class=\"has-inline-color\">Fiche PSM Hypothermie (page 5) &#8211; Document \u00e0 t\u00e9l\u00e9charger<\/span><\/a><\/strong> <\/h4>\n\n\n\n<h4 class=\"wp-block-heading\"><strong>Plus d&rsquo;infos : \u00ab\u00a0<a href=\"https:\/\/www.quebec.ca\/sante\/problemes-de-sante\/a-z\/hypothermie\"><span style=\"color:#1e73be\" class=\"has-inline-color\">Hypothermie | Gouvernement du Qu\u00e9bec<\/span><\/a> <\/strong>\u00bb<\/h4>\n\n\n\n<h4 class=\"wp-block-heading\"> <strong>Proc\u00e9dures radio VHF<\/strong> : <a href=\"https:\/\/www.sauvetage.kayakalo.fr\/index.php\/1975-2\/\"><span style=\"color:#1e73be\" class=\"has-inline-color\"><strong>VHF : utilisation du canal 16<\/strong><\/span><\/a><\/h4>\n\n\n\n<h4 class=\"wp-block-heading\"><strong><a href=\"https:\/\/www.snsm.org\/conseils\/conseils-navigation\/comment-alerter-les-secours-en-mer#:~:text=Comment%20alerter%20les%20secours%20en%20cas%20de%20d%C3%A9tresse%20en%20mer,portable%20en%20composant%20le%20196.\"><span style=\"color:#1e73be\" class=\"has-inline-color\">SNSM &#8211; Comment alerter les secours en cas de d\u00e9tresse en mer ?<\/span><\/a><br>Prioritairement par VHF canal 16 ou avec t\u00e9l\u00e9phone portable en composant le 196.<\/strong><\/h4>\n\n\n\n<h4 class=\"wp-block-heading\"><a href=\"https:\/\/www.snsm.org\/sites\/default\/files\/2022-06\/snsm-formation-hypothermie.pdf\" data-type=\"URL\" data-id=\"https:\/\/www.snsm.org\/sites\/default\/files\/2022-06\/snsm-formation-hypothermie.pdf\"><span style=\"color:#1e73be\" class=\"has-inline-color\">SNSM : Conduite \u00e0 tenir face \u00e0 une hypothermie<\/span><\/a> <\/h4>\n\n\n\n<div data-wp-interactive=\"core\/file\" class=\"wp-block-file\"><object data-wp-bind--hidden=\"!state.hasPdfPreview\" hidden class=\"wp-block-file__embed\" data=\"https:\/\/www.sauvetage.kayakalo.fr\/wp-content\/uploads\/2023\/03\/03_SNSM_formation_HYPOTHERMIE-3.pdf\" type=\"application\/pdf\" style=\"width:100%;height:600px\" aria-label=\"Contenu embarqu\u00e9 Contenu embarqu\u00e9 03_SNSM_formation_HYPOTHERMIE-3..\"><\/object><a href=\"https:\/\/www.sauvetage.kayakalo.fr\/wp-content\/uploads\/2023\/03\/03_SNSM_formation_HYPOTHERMIE-3.pdf\">03_SNSM_formation_HYPOTHERMIE-3<\/a><a href=\"https:\/\/www.sauvetage.kayakalo.fr\/wp-content\/uploads\/2023\/03\/03_SNSM_formation_HYPOTHERMIE-3.pdf\" class=\"wp-block-file__button\" download>T\u00e9l\u00e9charger<\/a><\/div>\n","protected":false},"excerpt":{"rendered":"<p>Hypothermie profonde &#8211; phase de torpeur Sortir une personne inanim\u00e9e de l&rsquo;eau, depuis un kayak de mer, est difficile, voire impossible suivant le gabarit de la victime, et l&rsquo;\u00e9tat de la mer. Le sauveteur n\u00b0 2 peut sortir de son &hellip; <a href=\"https:\/\/www.sauvetage.kayakalo.fr\/index.php\/hypothermie-profonde\/\">Lire la suite\u00ad\u00ad<\/a><\/p>\n","protected":false},"author":3,"featured_media":0,"parent":0,"menu_order":0,"comment_status":"closed","ping_status":"closed","template":"","meta":{"_kadence_starter_templates_imported_post":false,"footnotes":""},"class_list":["post-1362","page","type-page","status-publish","hentry"],"_links":{"self":[{"href":"https:\/\/www.sauvetage.kayakalo.fr\/index.php\/wp-json\/wp\/v2\/pages\/1362","targetHints":{"allow":["GET"]}}],"collection":[{"href":"https:\/\/www.sauvetage.kayakalo.fr\/index.php\/wp-json\/wp\/v2\/pages"}],"about":[{"href":"https:\/\/www.sauvetage.kayakalo.fr\/index.php\/wp-json\/wp\/v2\/types\/page"}],"author":[{"embeddable":true,"href":"https:\/\/www.sauvetage.kayakalo.fr\/index.php\/wp-json\/wp\/v2\/users\/3"}],"replies":[{"embeddable":true,"href":"https:\/\/www.sauvetage.kayakalo.fr\/index.php\/wp-json\/wp\/v2\/comments?post=1362"}],"version-history":[{"count":65,"href":"https:\/\/www.sauvetage.kayakalo.fr\/index.php\/wp-json\/wp\/v2\/pages\/1362\/revisions"}],"predecessor-version":[{"id":3052,"href":"https:\/\/www.sauvetage.kayakalo.fr\/index.php\/wp-json\/wp\/v2\/pages\/1362\/revisions\/3052"}],"wp:attachment":[{"href":"https:\/\/www.sauvetage.kayakalo.fr\/index.php\/wp-json\/wp\/v2\/media?parent=1362"}],"curies":[{"name":"wp","href":"https:\/\/api.w.org\/{rel}","templated":true}]}}