{"id":1308,"date":"2021-06-03T17:14:10","date_gmt":"2021-06-03T15:14:10","guid":{"rendered":"https:\/\/www.sauvetage.kayakalo.fr\/?page_id=1308"},"modified":"2023-03-11T19:06:27","modified_gmt":"2023-03-11T18:06:27","slug":"9-hypothermie-legere","status":"publish","type":"page","link":"https:\/\/www.sauvetage.kayakalo.fr\/index.php\/9-hypothermie-legere\/","title":{"rendered":"9 &#8211; Hypothermie l\u00e9g\u00e8re"},"content":{"rendered":"\n<div class=\"wp-block-columns is-layout-flex wp-container-core-columns-is-layout-9d6595d7 wp-block-columns-is-layout-flex\">\n<div class=\"wp-block-column is-layout-flow wp-block-column-is-layout-flow\" style=\"flex-basis:100%\">\n<div class=\"wp-block-columns is-layout-flex wp-container-core-columns-is-layout-9d6595d7 wp-block-columns-is-layout-flex\">\n<div class=\"wp-block-column is-layout-flow wp-block-column-is-layout-flow\" style=\"flex-basis:100%\"><\/div>\n<\/div>\n<\/div>\n<\/div>\n\n\n\n<table id=\"tablepress-1\" class=\"tablepress tablepress-id-1\">\n<thead>\n<tr class=\"row-1\">\n\t<th class=\"column-1\">PHASE<\/th><th class=\"column-2\">Neuro.<\/th><th class=\"column-3\">Pneumo.<\/th><th class=\"column-4\">Cardio.<br \/>\n<\/th><th class=\"column-5\">Muscle Peau<br \/>\n<\/th>\n<\/tr>\n<\/thead>\n<tbody class=\"row-striping row-hover\">\n<tr class=\"row-2\">\n\t<td class=\"column-1\">1. Phase d\u2019excitation<\/td><td class=\"column-2\">Hyper excitabilit\u00e9<br \/>\n<\/td><td class=\"column-3\">Respiration acc\u00e9l\u00e9r\u00e9e<br \/>\n<\/td><td class=\"column-4\">Rythme cardiaque acc\u00e9l\u00e9r\u00e9<br \/>\n<\/td><td class=\"column-5\">- Frissons<br \/>\n- Tremblements<br \/>\n-Vasoconstriction<br \/>\n- P\u00e2leur<br \/>\n- Aisselles et mains froides<br \/>\n<\/td>\n<\/tr>\n<\/tbody>\n<\/table>\n<!-- #tablepress-1 from cache -->\n\n\n\n<div class=\"wp-block-columns is-layout-flex wp-container-core-columns-is-layout-9d6595d7 wp-block-columns-is-layout-flex\">\n<div class=\"wp-block-column is-layout-flow wp-block-column-is-layout-flow\">\n<h5 class=\"wp-block-heading\">Hypothermie l\u00e9g\u00e8re<br>Phase d&rsquo;excitation<\/h5>\n\n\n\n<figure class=\"wp-block-video\"><video controls src=\"https:\/\/www.sauvetage.kayakalo.fr\/wp-content\/uploads\/2021\/06\/HY_hypothermie-legere.mp4\"><\/video><figcaption><sub>Kayak de mer : hypothermie l\u00e9g\u00e8re &#8211; phase d&rsquo;excitation (sauvetage.kayakalo.fr)<\/sub><\/figcaption><\/figure>\n\n\n\n<div style=\"height:19px\" aria-hidden=\"true\" class=\"wp-block-spacer\"><\/div>\n\n\n\n<ul class=\"wp-block-list\"><li><strong>Bien couvrir la t\u00eate, 40 % de la d\u00e9perdition calorique se fait par la t\u00eate et le cou<\/strong><\/li><li><strong>Boisson chaude et sucr\u00e9e<\/strong><\/li><li><strong>Observation et accompagnement du secouru &#8211; le rassurer<\/strong><\/li><li><strong>Remorquage en radeau : se m\u00e9fier d&rsquo;un deuxi\u00e8me dessalage<\/strong><\/li><\/ul>\n<\/div>\n\n\n\n<div class=\"wp-block-column is-layout-flow wp-block-column-is-layout-flow\"><\/div>\n<\/div>\n\n\n\n<h4 class=\"wp-block-heading\"><a href=\"https:\/\/www.snsm.org\/sites\/default\/files\/2022-06\/snsm-formation-hypothermie.pdf\" data-type=\"URL\" data-id=\"https:\/\/www.snsm.org\/sites\/default\/files\/2022-06\/snsm-formation-hypothermie.pdf\"><span style=\"color:#1e73be\" class=\"has-inline-color\">SNSM : Conduite \u00e0 tenir face \u00e0 une hypothermie<\/span><\/a><\/h4>\n\n\n\n<div data-wp-interactive=\"core\/file\" class=\"wp-block-file\"><object data-wp-bind--hidden=\"!state.hasPdfPreview\" hidden class=\"wp-block-file__embed\" data=\"https:\/\/www.sauvetage.kayakalo.fr\/wp-content\/uploads\/2023\/03\/03_SNSM_formation_HYPOTHERMIE-1.pdf\" type=\"application\/pdf\" style=\"width:100%;height:600px\" aria-label=\"Contenu embarqu\u00e9 Contenu embarqu\u00e9 03_SNSM_formation_HYPOTHERMIE-1..\"><\/object><a href=\"https:\/\/www.sauvetage.kayakalo.fr\/wp-content\/uploads\/2023\/03\/03_SNSM_formation_HYPOTHERMIE-1.pdf\">03_SNSM_formation_HYPOTHERMIE-1<\/a><a href=\"https:\/\/www.sauvetage.kayakalo.fr\/wp-content\/uploads\/2023\/03\/03_SNSM_formation_HYPOTHERMIE-1.pdf\" class=\"wp-block-file__button\" download>T\u00e9l\u00e9charger<\/a><\/div>\n","protected":false},"excerpt":{"rendered":"<p>Hypothermie l\u00e9g\u00e8rePhase d&rsquo;excitation Bien couvrir la t\u00eate, 40 % de la d\u00e9perdition calorique se fait par la t\u00eate et le cou Boisson chaude et sucr\u00e9e Observation et accompagnement du secouru &#8211; le rassurer Remorquage en radeau : se m\u00e9fier d&rsquo;un &hellip; <a href=\"https:\/\/www.sauvetage.kayakalo.fr\/index.php\/9-hypothermie-legere\/\">Lire la suite\u00ad\u00ad<\/a><\/p>\n","protected":false},"author":3,"featured_media":0,"parent":0,"menu_order":0,"comment_status":"closed","ping_status":"closed","template":"","meta":{"_kadence_starter_templates_imported_post":false,"footnotes":""},"class_list":["post-1308","page","type-page","status-publish","hentry"],"_links":{"self":[{"href":"https:\/\/www.sauvetage.kayakalo.fr\/index.php\/wp-json\/wp\/v2\/pages\/1308","targetHints":{"allow":["GET"]}}],"collection":[{"href":"https:\/\/www.sauvetage.kayakalo.fr\/index.php\/wp-json\/wp\/v2\/pages"}],"about":[{"href":"https:\/\/www.sauvetage.kayakalo.fr\/index.php\/wp-json\/wp\/v2\/types\/page"}],"author":[{"embeddable":true,"href":"https:\/\/www.sauvetage.kayakalo.fr\/index.php\/wp-json\/wp\/v2\/users\/3"}],"replies":[{"embeddable":true,"href":"https:\/\/www.sauvetage.kayakalo.fr\/index.php\/wp-json\/wp\/v2\/comments?post=1308"}],"version-history":[{"count":17,"href":"https:\/\/www.sauvetage.kayakalo.fr\/index.php\/wp-json\/wp\/v2\/pages\/1308\/revisions"}],"predecessor-version":[{"id":2830,"href":"https:\/\/www.sauvetage.kayakalo.fr\/index.php\/wp-json\/wp\/v2\/pages\/1308\/revisions\/2830"}],"wp:attachment":[{"href":"https:\/\/www.sauvetage.kayakalo.fr\/index.php\/wp-json\/wp\/v2\/media?parent=1308"}],"curies":[{"name":"wp","href":"https:\/\/api.w.org\/{rel}","templated":true}]}}