{"id":1279,"date":"2021-06-03T13:22:34","date_gmt":"2021-06-03T11:22:34","guid":{"rendered":"https:\/\/www.sauvetage.kayakalo.fr\/?page_id=1279"},"modified":"2023-12-25T07:38:17","modified_gmt":"2023-12-25T06:38:17","slug":"8-hypothermie-prevention","status":"publish","type":"page","link":"https:\/\/www.sauvetage.kayakalo.fr\/index.php\/8-hypothermie-prevention\/","title":{"rendered":"8 &#8211; Hypothermie pr\u00e9vention"},"content":{"rendered":"\n<h4 class=\"wp-block-heading\">R\u00e9cup\u00e9ration en eau froide = sortir rapidement le secouru de l\u2019eau.<\/h4>\n\n\n\n<div class=\"wp-block-columns is-layout-flex wp-container-core-columns-is-layout-9d6595d7 wp-block-columns-is-layout-flex\">\n<div class=\"wp-block-column is-layout-flow wp-block-column-is-layout-flow\">\n<h5 class=\"wp-block-heading\">R\u00e9cup\u00e9ration eau froide pont arri\u00e8re<\/h5>\n\n\n\n<div style=\"height:25px\" aria-hidden=\"true\" class=\"wp-block-spacer\"><\/div>\n\n\n\n<figure class=\"wp-block-video\"><video controls src=\"https:\/\/www.sauvetage.kayakalo.fr\/wp-content\/uploads\/2020\/12\/recup-eau-froide-pont-arriere.mp4\"><\/video><figcaption><sub>Kayak de mer : r\u00e9cup\u00e9ration eau froide pont arri\u00e8re (sauvetage.kayakalo.fr) <\/sub><\/figcaption><\/figure>\n\n\n\n<h5 class=\"wp-block-heading\">R\u00e9cup\u00e9ration eau froide pont avant<\/h5>\n\n\n\n<figure class=\"wp-block-video\"><video controls src=\"https:\/\/www.sauvetage.kayakalo.fr\/wp-content\/uploads\/2020\/12\/recuperation-eau-froide-pont-avant.mp4\"><\/video><figcaption><sub>Kayak de mer : r\u00e9cup\u00e9ration eau froide pont avant (sauvetage.kayakalo.fr)<\/sub><\/figcaption><\/figure>\n\n\n\n<h5 class=\"wp-block-heading\"><strong>Remont\u00e9e sur ponts de kayaks  <strong>\u00ab\u00a0en araign\u00e9e\u00a0\u00bb et avec l&rsquo;aide d&rsquo;un crochet du pied<\/strong> <\/strong><\/h5>\n\n\n\n<figure class=\"wp-block-video\"><video controls src=\"https:\/\/www.sauvetage.kayakalo.fr\/wp-content\/uploads\/2023\/10\/PO_16b_extraction-araignee.mp4\"><\/video><figcaption>Kayak de mer : remont\u00e9e sur ponts kayaks en araign\u00e9e (sauvetage.kayakalo.fr)<\/figcaption><\/figure>\n\n\n\n<h5 class=\"wp-block-heading\"><strong>Remont\u00e9e sur ponts de kayaks \u00ab\u00a0en araign\u00e9e\u00a0\u00bb<\/strong><\/h5>\n\n\n\n<figure class=\"wp-block-video\"><video controls src=\"https:\/\/www.sauvetage.kayakalo.fr\/wp-content\/uploads\/2023\/10\/PO_17b_extraction-araignee_crochet-du-pied.mp4\"><\/video><figcaption>Kayak de mer : remont\u00e9e sur ponts de kayaks en araign\u00e9e et crochet du pied (sauvetage.kayakalo.fr)<\/figcaption><\/figure>\n\n\n\n<h5 class=\"wp-block-heading\">Vidage pompe et \u00e9ponge<\/h5>\n\n\n\n<figure class=\"wp-block-video\"><video controls src=\"https:\/\/www.sauvetage.kayakalo.fr\/wp-content\/uploads\/2020\/12\/vidage-pompe-et-eponge.mp4\"><\/video><figcaption><sub>Kayak de mer : vidage pompe et \u00e9ponge (sauvetage.kayakalo.fr) <\/sub><\/figcaption><\/figure>\n\n\n\n<p>Toujours avoir une \u00e9ponge, une pompe ou une \u00e9cope, \u00e0 port\u00e9e de main.<\/p>\n\n\n\n<p><\/p>\n<\/div>\n\n\n\n<div class=\"wp-block-column is-layout-flow wp-block-column-is-layout-flow\">\n<h5 class=\"wp-block-heading\">R\u00e9cup\u00e9ration en eau froide<br>le secouru se hisse sur les ponts de 2 kayaks<\/h5>\n\n\n\n<figure class=\"wp-block-video\"><video controls src=\"https:\/\/www.sauvetage.kayakalo.fr\/wp-content\/uploads\/2021\/06\/K_recup-hisser-sur-pont-2-kayaks.mp4\"><\/video><figcaption><sub>Kayak de mer : r\u00e9cup\u00e9ration eau froide, secouru sur ponts de 2 kayaks (sauvetage.kayakalo.fr) <\/sub><\/figcaption><\/figure>\n\n\n\n<h5 class=\"wp-block-heading\">R\u00e9cup\u00e9ration eau froide pont arri\u00e8re et remorquage<\/h5>\n\n\n\n<figure class=\"wp-block-video\"><video controls src=\"https:\/\/www.sauvetage.kayakalo.fr\/wp-content\/uploads\/2020\/12\/recuperation-eau-froide-pont-arriere-et-remorquage.mp4\"><\/video><figcaption><sub>Kayak de mer : r\u00e9cup\u00e9ration eau froide pont arri\u00e8re et remorquage (sauvetage.kayakalo.fr)<\/sub><\/figcaption><\/figure>\n\n\n\n<h5 class=\"wp-block-heading\">R\u00e9cup\u00e9ration kayak plein d\u2019eau et remorquage<\/h5>\n\n\n\n<figure class=\"wp-block-video\"><video controls src=\"https:\/\/www.sauvetage.kayakalo.fr\/wp-content\/uploads\/2020\/12\/recuperation-eau-froide-kayak-plein-deau-et-remorquage.mp4\"><\/video><figcaption><sub>Kayak de mer : r\u00e9cup\u00e9ration kayak plein d\u2019eau et remorquage (sauvetage.kayakalo.fr)<\/sub><\/figcaption><\/figure>\n<\/div>\n<\/div>\n\n\n\n<p><\/p>\n","protected":false},"excerpt":{"rendered":"<p>R\u00e9cup\u00e9ration en eau froide = sortir rapidement le secouru de l\u2019eau. R\u00e9cup\u00e9ration eau froide pont arri\u00e8re R\u00e9cup\u00e9ration eau froide pont avant Remont\u00e9e sur ponts de kayaks \u00ab\u00a0en araign\u00e9e\u00a0\u00bb et avec l&rsquo;aide d&rsquo;un crochet du pied Remont\u00e9e sur ponts de kayaks &hellip; <a href=\"https:\/\/www.sauvetage.kayakalo.fr\/index.php\/8-hypothermie-prevention\/\">Lire la suite\u00ad\u00ad<\/a><\/p>\n","protected":false},"author":3,"featured_media":0,"parent":0,"menu_order":0,"comment_status":"closed","ping_status":"closed","template":"","meta":{"_kadence_starter_templates_imported_post":false,"footnotes":""},"class_list":["post-1279","page","type-page","status-publish","hentry"],"_links":{"self":[{"href":"https:\/\/www.sauvetage.kayakalo.fr\/index.php\/wp-json\/wp\/v2\/pages\/1279","targetHints":{"allow":["GET"]}}],"collection":[{"href":"https:\/\/www.sauvetage.kayakalo.fr\/index.php\/wp-json\/wp\/v2\/pages"}],"about":[{"href":"https:\/\/www.sauvetage.kayakalo.fr\/index.php\/wp-json\/wp\/v2\/types\/page"}],"author":[{"embeddable":true,"href":"https:\/\/www.sauvetage.kayakalo.fr\/index.php\/wp-json\/wp\/v2\/users\/3"}],"replies":[{"embeddable":true,"href":"https:\/\/www.sauvetage.kayakalo.fr\/index.php\/wp-json\/wp\/v2\/comments?post=1279"}],"version-history":[{"count":30,"href":"https:\/\/www.sauvetage.kayakalo.fr\/index.php\/wp-json\/wp\/v2\/pages\/1279\/revisions"}],"predecessor-version":[{"id":3141,"href":"https:\/\/www.sauvetage.kayakalo.fr\/index.php\/wp-json\/wp\/v2\/pages\/1279\/revisions\/3141"}],"wp:attachment":[{"href":"https:\/\/www.sauvetage.kayakalo.fr\/index.php\/wp-json\/wp\/v2\/media?parent=1279"}],"curies":[{"name":"wp","href":"https:\/\/api.w.org\/{rel}","templated":true}]}}