{"id":1200,"date":"2021-05-15T21:07:59","date_gmt":"2021-05-15T19:07:59","guid":{"rendered":"https:\/\/www.sauvetage.kayakalo.fr\/?page_id=1200"},"modified":"2021-12-08T19:30:28","modified_gmt":"2021-12-08T18:30:28","slug":"7-deplacements-de-secours","status":"publish","type":"page","link":"https:\/\/www.sauvetage.kayakalo.fr\/index.php\/7-deplacements-de-secours\/","title":{"rendered":"7 &#8211; D\u00e9placements de secours"},"content":{"rendered":"\n<div class=\"wp-block-columns is-layout-flex wp-container-core-columns-is-layout-9d6595d7 wp-block-columns-is-layout-flex\">\n<div class=\"wp-block-column is-layout-flow wp-block-column-is-layout-flow\">\n<h5 class=\"wp-block-heading\">D\u00e9placements de secours<\/h5>\n\n\n\n<figure class=\"wp-block-video\"><video controls src=\"https:\/\/www.sauvetage.kayakalo.fr\/wp-content\/uploads\/2021\/05\/B_deplacements-de-secours.mp4\"><\/video><figcaption><sub>Kayak de mer : d\u00e9placements de secours (sauvetage.kayakalo.fr)<\/sub><\/figcaption><\/figure>\n\n\n\n<p>R\u00e9cup\u00e9ration d&rsquo;une pagaie l\u00e2ch\u00e9e : 1) pagayer avec les mains ; 2) pagayer avec la pagaie de secours.<\/p>\n\n\n\n<div style=\"height:28px\" aria-hidden=\"true\" class=\"wp-block-spacer\"><\/div>\n\n\n\n<h5 class=\"wp-block-heading\">Remorquer son kayak en nageant<\/h5>\n\n\n\n<figure class=\"wp-block-video\"><video controls src=\"https:\/\/www.sauvetage.kayakalo.fr\/wp-content\/uploads\/2021\/06\/V2_Remorquer-son-kayak-en-nageant.mp4\"><\/video><figcaption><sub>Kayak de mer : remorquer son kayak en nageant (sauvetage.kayakalo.fr)<\/sub><\/figcaption><\/figure>\n<\/div>\n\n\n\n<div class=\"wp-block-column is-layout-flow wp-block-column-is-layout-flow\">\n<h5 class=\"wp-block-heading\">Evacuation d&rsquo;un naufrag\u00e9<\/h5>\n\n\n\n<figure class=\"wp-block-video\"><video controls src=\"https:\/\/www.sauvetage.kayakalo.fr\/wp-content\/uploads\/2021\/05\/B_evacuation-dun-naufrage.mp4\"><\/video><figcaption><sub>Kayak de mer : \u00e9vacuation d&rsquo;un naufrag\u00e9 (sauvetage.kayakalo.fr)<\/sub><\/figcaption><\/figure>\n\n\n\n<p>Evacuation d&rsquo;un naufrag\u00e9 : 1) cochon pendu \u00e0 l&rsquo;avant du kayak sauveteur ; 2) cochon pendu \u00e0 l&rsquo;arri\u00e8re du kayak sauveteur ; 3) accroch\u00e9 \u00e0 l&rsquo;arri\u00e8re du kayak sauveteur et s&rsquo;aidant d&rsquo;une nage avec les jambes ; 4) remont\u00e9e sur le pont arri\u00e8re du kayak sauveteur. <\/p>\n\n\n\n<h5 class=\"wp-block-heading\">Remorquage de pointe \u00e0 pointe<\/h5>\n\n\n\n<figure class=\"wp-block-video\"><video controls src=\"https:\/\/www.sauvetage.kayakalo.fr\/wp-content\/uploads\/2021\/06\/PB_remorquage-pointe-a-pointe-1.mp4\"><\/video><figcaption><sub>Kayak de mer : remorquage de pointe \u00e0 pointe (sauvetage.kayakalo.fr)<\/sub><\/figcaption><\/figure>\n\n\n\n<p>Une solution int\u00e9ressante pour \u00e9vacuer un kayakiste \u00e0 l&rsquo;eau d&rsquo;une zone agit\u00e9e, car tous les kayakistes ne savent pas, ou ne sont pas \u00e0 l&rsquo;aise avec la mont\u00e9e sur le pont arri\u00e8re d&rsquo;un kayak sauveteur. Le sauveteur peut aussi approcher le secouru en marche arri\u00e8re. <\/p>\n<\/div>\n<\/div>\n","protected":false},"excerpt":{"rendered":"<p>D\u00e9placements de secours R\u00e9cup\u00e9ration d&rsquo;une pagaie l\u00e2ch\u00e9e : 1) pagayer avec les mains ; 2) pagayer avec la pagaie de secours. Remorquer son kayak en nageant Evacuation d&rsquo;un naufrag\u00e9 Evacuation d&rsquo;un naufrag\u00e9 : 1) cochon pendu \u00e0 l&rsquo;avant du kayak &hellip; <a href=\"https:\/\/www.sauvetage.kayakalo.fr\/index.php\/7-deplacements-de-secours\/\">Lire la suite\u00ad\u00ad<\/a><\/p>\n","protected":false},"author":3,"featured_media":0,"parent":0,"menu_order":0,"comment_status":"closed","ping_status":"closed","template":"","meta":{"_kadence_starter_templates_imported_post":false,"footnotes":""},"class_list":["post-1200","page","type-page","status-publish","hentry"],"_links":{"self":[{"href":"https:\/\/www.sauvetage.kayakalo.fr\/index.php\/wp-json\/wp\/v2\/pages\/1200","targetHints":{"allow":["GET"]}}],"collection":[{"href":"https:\/\/www.sauvetage.kayakalo.fr\/index.php\/wp-json\/wp\/v2\/pages"}],"about":[{"href":"https:\/\/www.sauvetage.kayakalo.fr\/index.php\/wp-json\/wp\/v2\/types\/page"}],"author":[{"embeddable":true,"href":"https:\/\/www.sauvetage.kayakalo.fr\/index.php\/wp-json\/wp\/v2\/users\/3"}],"replies":[{"embeddable":true,"href":"https:\/\/www.sauvetage.kayakalo.fr\/index.php\/wp-json\/wp\/v2\/comments?post=1200"}],"version-history":[{"count":15,"href":"https:\/\/www.sauvetage.kayakalo.fr\/index.php\/wp-json\/wp\/v2\/pages\/1200\/revisions"}],"predecessor-version":[{"id":2215,"href":"https:\/\/www.sauvetage.kayakalo.fr\/index.php\/wp-json\/wp\/v2\/pages\/1200\/revisions\/2215"}],"wp:attachment":[{"href":"https:\/\/www.sauvetage.kayakalo.fr\/index.php\/wp-json\/wp\/v2\/media?parent=1200"}],"curies":[{"name":"wp","href":"https:\/\/api.w.org\/{rel}","templated":true}]}}