{"id":104,"date":"2020-11-12T17:13:59","date_gmt":"2020-11-12T16:13:59","guid":{"rendered":"http:\/\/dev.kayakalo.fr\/?page_id=104"},"modified":"2021-12-10T10:39:00","modified_gmt":"2021-12-10T09:39:00","slug":"recuperations-assistees-1-secouru-et-plusieurs-sauveteurs-radeau-remorquage","status":"publish","type":"page","link":"https:\/\/www.sauvetage.kayakalo.fr\/index.php\/recuperations-assistees-1-secouru-et-plusieurs-sauveteurs-radeau-remorquage\/","title":{"rendered":"R\u00e9cup\u00e9rations assist\u00e9es &#8211; radeau \/ remorquage"},"content":{"rendered":"\n<div class=\"wp-block-columns is-layout-flex wp-container-core-columns-is-layout-9d6595d7 wp-block-columns-is-layout-flex\">\n<div class=\"wp-block-column is-layout-flow wp-block-column-is-layout-flow\">\n<h5 class=\"wp-block-heading\">R\u00e9cup\u00e9ration ext\u00e9rieure crochet du pied avec un deuxi\u00e8me sauveteur, en radeau, qui aide \u00e0 la remont\u00e9e du secouru<\/h5>\n\n\n\n<figure class=\"wp-block-video\"><video controls src=\"https:\/\/www.sauvetage.kayakalo.fr\/wp-content\/uploads\/2021\/05\/B_recup-crochet-du-pied_plus-aide-radeau.mp4\"><\/video><figcaption><sub>Kayak de mer : r\u00e9cup\u00e9ration ext\u00e9rieure crochet du pied avec aide d&rsquo;un deuxi\u00e8me sauveteur (sauvetage.kayakalo.fr)<\/sub><\/figcaption><\/figure>\n<\/div>\n\n\n\n<div class=\"wp-block-column is-layout-flow wp-block-column-is-layout-flow\">\n<h5 class=\"wp-block-heading\">Remorquage radeau : 2 remorqu\u00e9s &#8211; 2 remorqueurs<\/h5>\n\n\n\n<div style=\"height:24px\" aria-hidden=\"true\" class=\"wp-block-spacer\"><\/div>\n\n\n\n<figure class=\"wp-block-video\"><video controls src=\"https:\/\/www.sauvetage.kayakalo.fr\/wp-content\/uploads\/2021\/06\/PB_radeau-et-2-remorqueurs.mp4\"><\/video><figcaption><sub>Kayak de mer : remorquage radeau : 2 remorqu\u00e9s &#8211; 2 remorqueurs (sauvetage.kayakalo.fr) <\/sub><\/figcaption><\/figure>\n<\/div>\n<\/div>\n\n\n\n<div class=\"wp-block-columns is-layout-flex wp-container-core-columns-is-layout-9d6595d7 wp-block-columns-is-layout-flex\">\n<div class=\"wp-block-column is-layout-flow wp-block-column-is-layout-flow\">\n<h5 class=\"wp-block-heading\">Radeau avec sauveteur n\u00b0 2 pour stabiliser la r\u00e9cup\u00e9ration<\/h5>\n\n\n\n<figure class=\"wp-block-video\"><video controls src=\"https:\/\/www.sauvetage.kayakalo.fr\/wp-content\/uploads\/2021\/06\/K_recup-radeau.mp4\"><\/video><figcaption><sub>Kayak de mer :  Radeau avec deuxi\u00e8me sauveteur pour stabiliser la r\u00e9cup\u00e9ration (sauvetage.kayakalo.fr)<\/sub><\/figcaption><\/figure>\n<\/div>\n\n\n\n<div class=\"wp-block-column is-layout-flow wp-block-column-is-layout-flow\">\n<p><\/p>\n<\/div>\n<\/div>\n\n\n\n<p><\/p>\n","protected":false},"excerpt":{"rendered":"<p>R\u00e9cup\u00e9ration ext\u00e9rieure crochet du pied avec un deuxi\u00e8me sauveteur, en radeau, qui aide \u00e0 la remont\u00e9e du secouru Remorquage radeau : 2 remorqu\u00e9s &#8211; 2 remorqueurs Radeau avec sauveteur n\u00b0 2 pour stabiliser la r\u00e9cup\u00e9ration<\/p>\n","protected":false},"author":5,"featured_media":0,"parent":0,"menu_order":0,"comment_status":"closed","ping_status":"closed","template":"","meta":{"_kadence_starter_templates_imported_post":false,"footnotes":""},"class_list":["post-104","page","type-page","status-publish","hentry"],"_links":{"self":[{"href":"https:\/\/www.sauvetage.kayakalo.fr\/index.php\/wp-json\/wp\/v2\/pages\/104","targetHints":{"allow":["GET"]}}],"collection":[{"href":"https:\/\/www.sauvetage.kayakalo.fr\/index.php\/wp-json\/wp\/v2\/pages"}],"about":[{"href":"https:\/\/www.sauvetage.kayakalo.fr\/index.php\/wp-json\/wp\/v2\/types\/page"}],"author":[{"embeddable":true,"href":"https:\/\/www.sauvetage.kayakalo.fr\/index.php\/wp-json\/wp\/v2\/users\/5"}],"replies":[{"embeddable":true,"href":"https:\/\/www.sauvetage.kayakalo.fr\/index.php\/wp-json\/wp\/v2\/comments?post=104"}],"version-history":[{"count":16,"href":"https:\/\/www.sauvetage.kayakalo.fr\/index.php\/wp-json\/wp\/v2\/pages\/104\/revisions"}],"predecessor-version":[{"id":2336,"href":"https:\/\/www.sauvetage.kayakalo.fr\/index.php\/wp-json\/wp\/v2\/pages\/104\/revisions\/2336"}],"wp:attachment":[{"href":"https:\/\/www.sauvetage.kayakalo.fr\/index.php\/wp-json\/wp\/v2\/media?parent=104"}],"curies":[{"name":"wp","href":"https:\/\/api.w.org\/{rel}","templated":true}]}}