{"id":102,"date":"2020-11-12T17:11:33","date_gmt":"2020-11-12T16:11:33","guid":{"rendered":"http:\/\/dev.kayakalo.fr\/?page_id=102"},"modified":"2021-12-09T14:22:26","modified_gmt":"2021-12-09T13:22:26","slug":"recuperations-assistees-1-secouru-et-sauveteur","status":"publish","type":"page","link":"https:\/\/www.sauvetage.kayakalo.fr\/index.php\/recuperations-assistees-1-secouru-et-sauveteur\/","title":{"rendered":"R\u00e9cup\u00e9rations assist\u00e9es basiques"},"content":{"rendered":"\n<div class=\"wp-block-columns is-layout-flex wp-container-core-columns-is-layout-9d6595d7 wp-block-columns-is-layout-flex\">\n<div class=\"wp-block-column is-layout-flow wp-block-column-is-layout-flow\">\n<h5 class=\"wp-block-heading\">R\u00e9cup\u00e9ration ext\u00e9rieure crochet du pied<\/h5>\n\n\n\n<figure class=\"wp-block-video\"><video controls src=\"https:\/\/www.sauvetage.kayakalo.fr\/wp-content\/uploads\/2021\/06\/B_recup-crochet-du-pied-2.mp4\"><\/video><figcaption><sub>Kayak de mer : r\u00e9cup\u00e9ration ext\u00e9rieure crochet du pied (sauvetage.kayakalo.fr)<\/sub><\/figcaption><\/figure>\n\n\n\n<p>C&rsquo;est une r\u00e9cup\u00e9ration basique qu&rsquo;il est vraiment utile de conna\u00eetre. Si le sauveteur est d&rsquo;un petit gabarit, il doit vraiment s&rsquo;appuyer avec sa poitrine sur le kayak secouru pour le maintenir. <\/p>\n\n\n\n<h5 class=\"wp-block-heading\">Points cl\u00e9s lors de r\u00e9cup\u00e9rations<br>dans des situations mises en sc\u00e8ne<\/h5>\n\n\n\n<figure class=\"wp-block-video\"><video controls src=\"https:\/\/www.sauvetage.kayakalo.fr\/wp-content\/uploads\/2021\/06\/V2_points-cles-recuperation-1.mp4\"><\/video><figcaption><sub>Kayak de mer : points cl\u00e9s lors de r\u00e9cup\u00e9rations<br>dans des situations mises en sc\u00e8ne (sauvetage.kayakalo.fr)<\/sub><\/figcaption><\/figure>\n\n\n\n<div style=\"height:11px\" aria-hidden=\"true\" class=\"wp-block-spacer\"><\/div>\n\n\n\n<div style=\"height:32px\" aria-hidden=\"true\" class=\"wp-block-spacer\"><\/div>\n\n\n\n<h5 class=\"wp-block-heading\">R\u00e9cup\u00e9ration ext\u00e9rieure d\u00e9part sur le dos<\/h5>\n\n\n\n<figure class=\"wp-block-video\"><video controls src=\"https:\/\/www.sauvetage.kayakalo.fr\/wp-content\/uploads\/2020\/12\/recuperation-exterieure-depart-sur-le-dos.mp4\"><\/video><figcaption><sub>Kayak de mer : r\u00e9cup\u00e9ration ext\u00e9rieure d\u00e9part sur le dos (sauvetage.kayakalo.fr)<\/sub><\/figcaption><\/figure>\n\n\n\n<p>C&rsquo;est int\u00e9ressant d&rsquo;essayer plusieurs m\u00e9thodes.<\/p>\n\n\n\n<div style=\"height:9px\" aria-hidden=\"true\" class=\"wp-block-spacer\"><\/div>\n\n\n\n<h5 class=\"wp-block-heading\">R\u00e9cup\u00e9ration en pointe<\/h5>\n\n\n\n<figure class=\"wp-block-video\"><video controls src=\"https:\/\/www.sauvetage.kayakalo.fr\/wp-content\/uploads\/2021\/06\/PB_recup-en-pointe.mp4\"><\/video><figcaption><sub>Kayak de mer : r\u00e9cup\u00e9ration en pointe (sauvetage.kayakalo.fr)<\/sub><\/figcaption><\/figure>\n\n\n\n<p>Le secouru peut faire un mouvement de balayage, \u00ab\u00a0d&rsquo;essuie-glaces\u00a0\u00bb, avec ses mains pour faciliter la prise de la pointe du kayak sauveteur.<br><\/p>\n\n\n\n<h5 class=\"wp-block-heading\">R\u00e9cup\u00e9ration entre les kayaks sans pagaie<\/h5>\n\n\n\n<figure class=\"wp-block-video\"><video controls src=\"https:\/\/www.sauvetage.kayakalo.fr\/wp-content\/uploads\/2021\/06\/PB_recup-entre-kayaks.mp4\"><\/video><figcaption><sub>Kayak de mer : r\u00e9cup\u00e9ration entre les kayaks sans pagaie (sauvetage.kayakalo.fr)<\/sub><\/figcaption><\/figure>\n<\/div>\n\n\n\n<div class=\"wp-block-column is-layout-flow wp-block-column-is-layout-flow\">\n<h5 class=\"wp-block-heading\">R\u00e9cup\u00e9ration ext\u00e9rieure crochet du pied (vid\u00e9o page 1)<\/h5>\n\n\n\n<figure class=\"wp-block-video\"><video controls src=\"https:\/\/www.sauvetage.kayakalo.fr\/wp-content\/uploads\/2021\/04\/recup-ext-crochet-du-pied_wordpress-page-1.mp4\"><\/video><figcaption><sub>Kayak de mer : r\u00e9cup\u00e9ration ext\u00e9rieure crochet du pied (sauvetage.kayakalo.fr)<\/sub><\/figcaption><\/figure>\n\n\n\n<p>C&rsquo;est une r\u00e9cup\u00e9ration basique qu&rsquo;il est vraiment utile de conna\u00eetre. Si le sauveteur est d&rsquo;un petit gabarit, il doit vraiment s&rsquo;appuyer avec sa poitrine sur le kayak secouru pour le maintenir.<\/p>\n\n\n\n<h5 class=\"wp-block-heading\">R\u00e9cup\u00e9ration ext\u00e9rieure en se hissant<\/h5>\n\n\n\n<figure class=\"wp-block-video\"><video controls src=\"https:\/\/www.sauvetage.kayakalo.fr\/wp-content\/uploads\/2021\/05\/B_recup-ext-en-se-hissant-sur-pont.mp4\"><\/video><figcaption><sup>Kayak de mer : r\u00e9cup\u00e9ration ext\u00e9rieure en se hissant (sauvetage.kayakalo.fr)<\/sup><\/figcaption><\/figure>\n\n\n\n<p>M\u00e9thode classique qui demande au secouru de se positionner \u00e0 l&rsquo;horizontale, de battre \u00e9nergiquement les jambes comme dans un mouvement de palmage, et de se hisser sur le pont des deux kayaks. Puis, de pivoter et de se glisser dans son hiloire.<\/p>\n\n\n\n<h5 class=\"wp-block-heading\">R\u00e9cup\u00e9ration en parall\u00e8le<\/h5>\n\n\n\n<figure class=\"wp-block-video\"><video controls src=\"https:\/\/www.sauvetage.kayakalo.fr\/wp-content\/uploads\/2020\/12\/recuperation-en-parallele.mp4\"><\/video><figcaption><sub>Kayak de mer : r\u00e9cup\u00e9ration en parall\u00e8le (sauvetage.kayakalo.fr)<\/sub><\/figcaption><\/figure>\n\n\n\n<p>Une m\u00e9thode qui demande un entra\u00eenement et une confiance entre les partenaires de navigation&#8230;<\/p>\n\n\n\n<h5 class=\"wp-block-heading\">R\u00e9cup\u00e9ration en T<\/h5>\n\n\n\n<figure class=\"wp-block-video\"><video controls src=\"https:\/\/www.sauvetage.kayakalo.fr\/wp-content\/uploads\/2021\/06\/PB_recup-en-T.mp4\"><\/video><figcaption><sub>Kayak de mer : r\u00e9cup\u00e9ration en T (sauvetage.kayakalo.fr)<\/sub><\/figcaption><\/figure>\n\n\n\n<p>R\u00e9cup\u00e9ration en T \u00e0 l&rsquo;am\u00e9ricaine ( le secouru, dans l&rsquo;eau, appuie sur la pointe de son kayak pour aider le sauveteur \u00e0 le vider)<\/p>\n\n\n\n<h5 class=\"wp-block-heading\">R\u00e9cup\u00e9ration entre les kayaks avec 2 pagaies<\/h5>\n\n\n\n<figure class=\"wp-block-video\"><video controls src=\"https:\/\/www.sauvetage.kayakalo.fr\/wp-content\/uploads\/2021\/06\/K_recup-entre-kayaks-et-pagaies.mp4\"><\/video><figcaption><sub>Kayak de mer : r\u00e9cup\u00e9ration entre les kayaks avec 2 pagaies (sauvetage.kayakalo.fr)<\/sub><\/figcaption><\/figure>\n\n\n\n<p>Le secouru se rel\u00e8ve surtout \u00e0 la force des bras. Le sauveteur maintient les 2 kayaks rapproch\u00e9s autant que possible.<br>Pagaies en bois : attention risques pour des pagaies fragiles.<\/p>\n\n\n\n<p><\/p>\n<\/div>\n<\/div>\n","protected":false},"excerpt":{"rendered":"<p>R\u00e9cup\u00e9ration ext\u00e9rieure crochet du pied C&rsquo;est une r\u00e9cup\u00e9ration basique qu&rsquo;il est vraiment utile de conna\u00eetre. Si le sauveteur est d&rsquo;un petit gabarit, il doit vraiment s&rsquo;appuyer avec sa poitrine sur le kayak secouru pour le maintenir. Points cl\u00e9s lors de &hellip; <a href=\"https:\/\/www.sauvetage.kayakalo.fr\/index.php\/recuperations-assistees-1-secouru-et-sauveteur\/\">Lire la suite\u00ad\u00ad<\/a><\/p>\n","protected":false},"author":5,"featured_media":0,"parent":0,"menu_order":0,"comment_status":"closed","ping_status":"closed","template":"","meta":{"_kadence_starter_templates_imported_post":false,"footnotes":""},"class_list":["post-102","page","type-page","status-publish","hentry"],"_links":{"self":[{"href":"https:\/\/www.sauvetage.kayakalo.fr\/index.php\/wp-json\/wp\/v2\/pages\/102","targetHints":{"allow":["GET"]}}],"collection":[{"href":"https:\/\/www.sauvetage.kayakalo.fr\/index.php\/wp-json\/wp\/v2\/pages"}],"about":[{"href":"https:\/\/www.sauvetage.kayakalo.fr\/index.php\/wp-json\/wp\/v2\/types\/page"}],"author":[{"embeddable":true,"href":"https:\/\/www.sauvetage.kayakalo.fr\/index.php\/wp-json\/wp\/v2\/users\/5"}],"replies":[{"embeddable":true,"href":"https:\/\/www.sauvetage.kayakalo.fr\/index.php\/wp-json\/wp\/v2\/comments?post=102"}],"version-history":[{"count":70,"href":"https:\/\/www.sauvetage.kayakalo.fr\/index.php\/wp-json\/wp\/v2\/pages\/102\/revisions"}],"predecessor-version":[{"id":2332,"href":"https:\/\/www.sauvetage.kayakalo.fr\/index.php\/wp-json\/wp\/v2\/pages\/102\/revisions\/2332"}],"wp:attachment":[{"href":"https:\/\/www.sauvetage.kayakalo.fr\/index.php\/wp-json\/wp\/v2\/media?parent=102"}],"curies":[{"name":"wp","href":"https:\/\/api.w.org\/{rel}","templated":true}]}}